{"id":1104,"date":"2024-09-11T20:04:40","date_gmt":"2024-09-11T20:04:40","guid":{"rendered":"https:\/\/ascofafi.com\/?page_id=1104"},"modified":"2024-10-04T15:49:16","modified_gmt":"2024-10-04T15:49:16","slug":"dia-mundial-de-la-fisioterapia-2024","status":"publish","type":"page","link":"https:\/\/ascofafi.com\/?page_id=1104","title":{"rendered":"D\u00eda mundial de la fisioterapia 2024"},"content":{"rendered":"<p><img fetchpriority=\"high\" decoding=\"async\" src=\"http:\/\/ascofafi.com\/wp-content\/uploads\/2024\/09\/WhatsApp-Image-2024-09-11-at-12.32.39-819x1024.jpeg\" sizes=\"(max-width: 819px) 100vw, 819px\" srcset=\"https:\/\/ascofafi.com\/wp-content\/uploads\/2024\/09\/WhatsApp-Image-2024-09-11-at-12.32.39-819x1024.jpeg 819w, https:\/\/ascofafi.com\/wp-content\/uploads\/2024\/09\/WhatsApp-Image-2024-09-11-at-12.32.39-240x300.jpeg 240w, https:\/\/ascofafi.com\/wp-content\/uploads\/2024\/09\/WhatsApp-Image-2024-09-11-at-12.32.39-768x960.jpeg 768w, https:\/\/ascofafi.com\/wp-content\/uploads\/2024\/09\/WhatsApp-Image-2024-09-11-at-12.32.39.jpeg 1024w\" alt=\"\" width=\"819\" height=\"1024\" \/><br \/><img decoding=\"async\" src=\"http:\/\/ascofafi.com\/wp-content\/uploads\/2024\/09\/WhatsApp-Image-2024-09-11-at-12.33.51-819x1024.jpeg\" sizes=\"(max-width: 819px) 100vw, 819px\" srcset=\"https:\/\/ascofafi.com\/wp-content\/uploads\/2024\/09\/WhatsApp-Image-2024-09-11-at-12.33.51-819x1024.jpeg 819w, https:\/\/ascofafi.com\/wp-content\/uploads\/2024\/09\/WhatsApp-Image-2024-09-11-at-12.33.51-240x300.jpeg 240w, https:\/\/ascofafi.com\/wp-content\/uploads\/2024\/09\/WhatsApp-Image-2024-09-11-at-12.33.51-768x960.jpeg 768w, https:\/\/ascofafi.com\/wp-content\/uploads\/2024\/09\/WhatsApp-Image-2024-09-11-at-12.33.51.jpeg 1080w\" alt=\"\" width=\"819\" height=\"1024\" \/><\/p>\n<p>Hoy celebramos el D\u00eda Mundial de la Fisioterapia en ASCOFAFI, un reconocimiento a todos los profesionales que trabajan incansablemente para mejorar la calidad de vida de sus pacientes. Gracias a su labor, miles de personas logran recuperar su movilidad y bienestar. \u00a1Feliz d\u00eda a todos los fisioterapeutas que hacen la diferencia cada d\u00eda!<\/p>\n\n\n<div data-wp-interactive=\"core\/file\" class=\"wp-block-file\"><object data-wp-bind--hidden=\"!state.hasPdfPreview\" hidden class=\"wp-block-file__embed\" data=\"https:\/\/ascofafi.com\/wp-content\/uploads\/2024\/09\/1.-Rol-procesos-de-formacion-de-fisioterapia-para-la-atencion-de-Lumbalgia.pdf\" type=\"application\/pdf\" style=\"width:100%;height:600px\" aria-label=\"Incrustado de 1. Rol procesos de formaci\u00f3n de fisioterapia para la atenci\u00f3n de Lumbalgia.\"><\/object><a id=\"wp-block-file--media-4c00b8dc-ece3-4da5-b51a-0a8fd9e36ba6\" href=\"https:\/\/ascofafi.com\/wp-content\/uploads\/2024\/09\/1.-Rol-procesos-de-formacion-de-fisioterapia-para-la-atencion-de-Lumbalgia.pdf\">1. Rol procesos de formaci\u00f3n de fisioterapia para la atenci\u00f3n de Lumbalgia<\/a><a href=\"https:\/\/ascofafi.com\/wp-content\/uploads\/2024\/09\/1.-Rol-procesos-de-formacion-de-fisioterapia-para-la-atencion-de-Lumbalgia.pdf\" class=\"wp-block-file__button wp-element-button\" download aria-describedby=\"wp-block-file--media-4c00b8dc-ece3-4da5-b51a-0a8fd9e36ba6\">Descarga<\/a><\/div>\n\n\n\n<div data-wp-interactive=\"core\/file\" class=\"wp-block-file\"><object data-wp-bind--hidden=\"!state.hasPdfPreview\" hidden class=\"wp-block-file__embed\" data=\"https:\/\/ascofafi.com\/wp-content\/uploads\/2024\/09\/2.Rol-procesos-de-formacion-de-fisioterapia-para-la-atencion-de-Lumbalgia.pdf\" type=\"application\/pdf\" style=\"width:100%;height:600px\" aria-label=\"Incrustado de 2.Rol procesos de formaci\u00f3n de fisioterapia para la atenci\u00f3n de Lumbalgia.\"><\/object><a id=\"wp-block-file--media-71ef14fc-a567-4505-b297-a0a4e685b7c8\" href=\"https:\/\/ascofafi.com\/wp-content\/uploads\/2024\/09\/2.Rol-procesos-de-formacion-de-fisioterapia-para-la-atencion-de-Lumbalgia.pdf\">2.Rol procesos de formaci\u00f3n de fisioterapia para la atenci\u00f3n de Lumbalgia<\/a><a href=\"https:\/\/ascofafi.com\/wp-content\/uploads\/2024\/09\/2.Rol-procesos-de-formacion-de-fisioterapia-para-la-atencion-de-Lumbalgia.pdf\" class=\"wp-block-file__button wp-element-button\" download aria-describedby=\"wp-block-file--media-71ef14fc-a567-4505-b297-a0a4e685b7c8\">Descarga<\/a><\/div>\n\n\n\n<div data-wp-interactive=\"core\/file\" class=\"wp-block-file\"><object data-wp-bind--hidden=\"!state.hasPdfPreview\" hidden class=\"wp-block-file__embed\" data=\"https:\/\/ascofafi.com\/wp-content\/uploads\/2024\/09\/Alternativo_Rol-formacion-ft.pdf\" type=\"application\/pdf\" style=\"width:100%;height:600px\" aria-label=\"Incrustado de Alternativo_Rol formaci\u00f3n ft.\"><\/object><a id=\"wp-block-file--media-1d06a3aa-1daf-4482-9861-168edea2f152\" href=\"https:\/\/ascofafi.com\/wp-content\/uploads\/2024\/09\/Alternativo_Rol-formacion-ft.pdf\">Alternativo_Rol formaci\u00f3n ft<\/a><a href=\"https:\/\/ascofafi.com\/wp-content\/uploads\/2024\/09\/Alternativo_Rol-formacion-ft.pdf\" class=\"wp-block-file__button wp-element-button\" download aria-describedby=\"wp-block-file--media-1d06a3aa-1daf-4482-9861-168edea2f152\">Descarga<\/a><\/div>\n\n\n\n<p><\/p>\n\n\n\n<p class=\"has-black-color has-text-color has-link-color has-larger-font-size wp-elements-14477cb57829f28e2faf771e77788099\"><strong>As\u00ed se vivi\u00f3 el d\u00eda Mundial de la fisioterapia 2024<\/strong><\/p>\n\n\n\n<blockquote class=\"wp-block-quote is-layout-flow wp-block-quote-is-layout-flow\">\n<p class=\"has-vivid-cyan-blue-color has-text-color has-link-color has-large-font-size wp-elements-77fc6aee384b800bcf156f0c02ff89e9\"><strong>Jornadas a Puertas Abiertas<\/strong><\/p>\n<\/blockquote>\n\n\n\n<div data-wp-interactive=\"core\/file\" class=\"wp-block-file\"><object data-wp-bind--hidden=\"!state.hasPdfPreview\" hidden class=\"wp-block-file__embed\" data=\"https:\/\/ascofafi.com\/wp-content\/uploads\/2024\/10\/Registro-de-actividades-de-nodos-ASCOFAFI-2024-DOLOR-LUMBAR.pdf\" type=\"application\/pdf\" style=\"width:100%;height:600px\" aria-label=\"Incrustado de Registro de actividades de nodos ASCOFAFI 2024 DOLOR LUMBAR.\"><\/object><a id=\"wp-block-file--media-00e14c64-c0c9-48eb-b2eb-2e7dc141b469\" href=\"https:\/\/ascofafi.com\/wp-content\/uploads\/2024\/10\/Registro-de-actividades-de-nodos-ASCOFAFI-2024-DOLOR-LUMBAR.pdf\">Registro de actividades de nodos ASCOFAFI 2024 DOLOR LUMBAR<\/a><a href=\"https:\/\/ascofafi.com\/wp-content\/uploads\/2024\/10\/Registro-de-actividades-de-nodos-ASCOFAFI-2024-DOLOR-LUMBAR.pdf\" class=\"wp-block-file__button wp-element-button\" download aria-describedby=\"wp-block-file--media-00e14c64-c0c9-48eb-b2eb-2e7dc141b469\">Descarga<\/a><\/div>\n\n\n\n<figure class=\"wp-block-embed is-type-video is-provider-vimeo wp-block-embed-vimeo wp-embed-aspect-16-9 wp-has-aspect-ratio\"><div class=\"wp-block-embed__wrapper\">\n<div class=\"wpbf-responsive-embed\"><iframe title=\"Lumbalgia, mitos y realidades\" src=\"https:\/\/player.vimeo.com\/video\/1016178268?dnt=1&amp;app_id=122963\" width=\"1200\" height=\"675\" frameborder=\"0\" allow=\"autoplay; fullscreen; picture-in-picture; clipboard-write\"><\/iframe><\/div>\n<\/div><\/figure>\n\n\n\n<figure class=\"wp-block-embed is-type-video is-provider-vimeo wp-block-embed-vimeo wp-embed-aspect-16-9 wp-has-aspect-ratio\"><div class=\"wp-block-embed__wrapper\">\n<div class=\"wpbf-responsive-embed\"><iframe title=\"Video capacitaci\u00f3n dolor lumbar_\" src=\"https:\/\/player.vimeo.com\/video\/1016178912?dnt=1&amp;app_id=122963\" width=\"1200\" height=\"675\" frameborder=\"0\" allow=\"autoplay; fullscreen; picture-in-picture; clipboard-write\"><\/iframe><\/div>\n<\/div><\/figure>\n\n\n\n<figure class=\"wp-block-gallery has-nested-images columns-default is-cropped wp-block-gallery-1 is-layout-flex wp-block-gallery-is-layout-flex\">\n<figure class=\"wp-block-image size-large\"><img decoding=\"async\" width=\"768\" height=\"1024\" data-id=\"1137\" src=\"https:\/\/ascofafi.com\/wp-content\/uploads\/2024\/10\/IMG_20240923_144714-768x1024.jpg\" alt=\"\" class=\"wp-image-1137\" srcset=\"https:\/\/ascofafi.com\/wp-content\/uploads\/2024\/10\/IMG_20240923_144714-768x1024.jpg 768w, https:\/\/ascofafi.com\/wp-content\/uploads\/2024\/10\/IMG_20240923_144714-225x300.jpg 225w, https:\/\/ascofafi.com\/wp-content\/uploads\/2024\/10\/IMG_20240923_144714-1152x1536.jpg 1152w, https:\/\/ascofafi.com\/wp-content\/uploads\/2024\/10\/IMG_20240923_144714-1536x2048.jpg 1536w, https:\/\/ascofafi.com\/wp-content\/uploads\/2024\/10\/IMG_20240923_144714-scaled.jpg 1920w\" sizes=\"(max-width: 768px) 100vw, 768px\" \/><\/figure>\n\n\n\n<figure class=\"wp-block-image size-large\"><img loading=\"lazy\" decoding=\"async\" width=\"768\" height=\"1024\" data-id=\"1139\" src=\"https:\/\/ascofafi.com\/wp-content\/uploads\/2024\/10\/IMG_20240923_150621-768x1024.jpg\" alt=\"\" class=\"wp-image-1139\" srcset=\"https:\/\/ascofafi.com\/wp-content\/uploads\/2024\/10\/IMG_20240923_150621-768x1024.jpg 768w, https:\/\/ascofafi.com\/wp-content\/uploads\/2024\/10\/IMG_20240923_150621-225x300.jpg 225w, https:\/\/ascofafi.com\/wp-content\/uploads\/2024\/10\/IMG_20240923_150621-1152x1536.jpg 1152w, https:\/\/ascofafi.com\/wp-content\/uploads\/2024\/10\/IMG_20240923_150621-1536x2048.jpg 1536w, https:\/\/ascofafi.com\/wp-content\/uploads\/2024\/10\/IMG_20240923_150621-scaled.jpg 1920w\" sizes=\"(max-width: 768px) 100vw, 768px\" \/><\/figure>\n\n\n\n<figure class=\"wp-block-image size-large\"><img loading=\"lazy\" decoding=\"async\" width=\"768\" height=\"1024\" data-id=\"1142\" src=\"https:\/\/ascofafi.com\/wp-content\/uploads\/2024\/10\/IMG_20240923_154526-768x1024.jpg\" alt=\"\" class=\"wp-image-1142\" srcset=\"https:\/\/ascofafi.com\/wp-content\/uploads\/2024\/10\/IMG_20240923_154526-768x1024.jpg 768w, https:\/\/ascofafi.com\/wp-content\/uploads\/2024\/10\/IMG_20240923_154526-225x300.jpg 225w, https:\/\/ascofafi.com\/wp-content\/uploads\/2024\/10\/IMG_20240923_154526-1152x1536.jpg 1152w, https:\/\/ascofafi.com\/wp-content\/uploads\/2024\/10\/IMG_20240923_154526-1536x2048.jpg 1536w, https:\/\/ascofafi.com\/wp-content\/uploads\/2024\/10\/IMG_20240923_154526-scaled.jpg 1920w\" sizes=\"(max-width: 768px) 100vw, 768px\" \/><\/figure>\n\n\n\n<figure class=\"wp-block-image size-large\"><img loading=\"lazy\" decoding=\"async\" width=\"768\" height=\"1024\" data-id=\"1141\" src=\"https:\/\/ascofafi.com\/wp-content\/uploads\/2024\/10\/IMG_20240923_144727-768x1024.jpg\" alt=\"\" class=\"wp-image-1141\" srcset=\"https:\/\/ascofafi.com\/wp-content\/uploads\/2024\/10\/IMG_20240923_144727-768x1024.jpg 768w, https:\/\/ascofafi.com\/wp-content\/uploads\/2024\/10\/IMG_20240923_144727-225x300.jpg 225w, https:\/\/ascofafi.com\/wp-content\/uploads\/2024\/10\/IMG_20240923_144727-1152x1536.jpg 1152w, https:\/\/ascofafi.com\/wp-content\/uploads\/2024\/10\/IMG_20240923_144727-1536x2048.jpg 1536w, https:\/\/ascofafi.com\/wp-content\/uploads\/2024\/10\/IMG_20240923_144727-scaled.jpg 1920w\" sizes=\"(max-width: 768px) 100vw, 768px\" \/><\/figure>\n\n\n\n<figure class=\"wp-block-image size-large\"><img loading=\"lazy\" decoding=\"async\" width=\"768\" height=\"1024\" data-id=\"1140\" src=\"https:\/\/ascofafi.com\/wp-content\/uploads\/2024\/10\/IMG_20240923_150126-768x1024.jpg\" alt=\"\" class=\"wp-image-1140\" srcset=\"https:\/\/ascofafi.com\/wp-content\/uploads\/2024\/10\/IMG_20240923_150126-768x1024.jpg 768w, https:\/\/ascofafi.com\/wp-content\/uploads\/2024\/10\/IMG_20240923_150126-225x300.jpg 225w, https:\/\/ascofafi.com\/wp-content\/uploads\/2024\/10\/IMG_20240923_150126-1152x1536.jpg 1152w, https:\/\/ascofafi.com\/wp-content\/uploads\/2024\/10\/IMG_20240923_150126-1536x2048.jpg 1536w, https:\/\/ascofafi.com\/wp-content\/uploads\/2024\/10\/IMG_20240923_150126-scaled.jpg 1920w\" sizes=\"(max-width: 768px) 100vw, 768px\" \/><\/figure>\n<\/figure>\n","protected":false},"excerpt":{"rendered":"<p>Hoy celebramos el D\u00eda Mundial de la Fisioterapia en ASCOFAFI, un reconocimiento a todos los profesionales que trabajan incansablemente para mejorar la calidad de vida de sus pacientes. Gracias a su labor, miles de personas logran recuperar su movilidad y bienestar. \u00a1Feliz d\u00eda a todos los fisioterapeutas que hacen la diferencia cada d\u00eda! As\u00ed se [&hellip;]<\/p>\n","protected":false},"author":1,"featured_media":0,"parent":0,"menu_order":0,"comment_status":"closed","ping_status":"closed","template":"","meta":{"om_disable_all_campaigns":false,"_monsterinsights_skip_tracking":false,"_monsterinsights_sitenote_active":false,"_monsterinsights_sitenote_note":"","_monsterinsights_sitenote_category":0,"footnotes":""},"class_list":["post-1104","page","type-page","status-publish","hentry","wpbf-post"],"aioseo_notices":[],"_links":{"self":[{"href":"https:\/\/ascofafi.com\/index.php?rest_route=\/wp\/v2\/pages\/1104","targetHints":{"allow":["GET"]}}],"collection":[{"href":"https:\/\/ascofafi.com\/index.php?rest_route=\/wp\/v2\/pages"}],"about":[{"href":"https:\/\/ascofafi.com\/index.php?rest_route=\/wp\/v2\/types\/page"}],"author":[{"embeddable":true,"href":"https:\/\/ascofafi.com\/index.php?rest_route=\/wp\/v2\/users\/1"}],"replies":[{"embeddable":true,"href":"https:\/\/ascofafi.com\/index.php?rest_route=%2Fwp%2Fv2%2Fcomments&post=1104"}],"version-history":[{"count":7,"href":"https:\/\/ascofafi.com\/index.php?rest_route=\/wp\/v2\/pages\/1104\/revisions"}],"predecessor-version":[{"id":1143,"href":"https:\/\/ascofafi.com\/index.php?rest_route=\/wp\/v2\/pages\/1104\/revisions\/1143"}],"wp:attachment":[{"href":"https:\/\/ascofafi.com\/index.php?rest_route=%2Fwp%2Fv2%2Fmedia&parent=1104"}],"curies":[{"name":"wp","href":"https:\/\/api.w.org\/{rel}","templated":true}]}}