{"id":14,"date":"2022-08-20T22:20:32","date_gmt":"2022-08-20T22:20:32","guid":{"rendered":"https:\/\/ascofafi.com\/?page_id=14"},"modified":"2025-05-02T15:36:07","modified_gmt":"2025-05-02T15:36:07","slug":"quienes-somos","status":"publish","type":"page","link":"https:\/\/ascofafi.com\/?page_id=14","title":{"rendered":"Qui\u00e9nes somos"},"content":{"rendered":"\t\t<div data-elementor-type=\"wp-page\" data-elementor-id=\"14\" class=\"elementor elementor-14\">\n\t\t\t\t\t\t<section class=\"elementor-section elementor-top-section elementor-element elementor-element-f796e4f elementor-section-boxed elementor-section-height-default elementor-section-height-default\" data-id=\"f796e4f\" data-element_type=\"section\" data-e-type=\"section\">\n\t\t\t\t\t\t<div class=\"elementor-container elementor-column-gap-default\">\n\t\t\t\t\t<div class=\"elementor-column elementor-col-100 elementor-top-column elementor-element elementor-element-040a920\" data-id=\"040a920\" data-element_type=\"column\" data-e-type=\"column\">\n\t\t\t<div class=\"elementor-widget-wrap elementor-element-populated\">\n\t\t\t\t\t\t<div class=\"elementor-element elementor-element-38c65f5 elementor-widget elementor-widget-image\" data-id=\"38c65f5\" data-element_type=\"widget\" data-e-type=\"widget\" data-widget_type=\"image.default\">\n\t\t\t\t<div class=\"elementor-widget-container\">\n\t\t\t\t\t\t\t\t\t\t\t\t\t\t\t<img fetchpriority=\"high\" decoding=\"async\" width=\"768\" height=\"576\" src=\"https:\/\/ascofafi.com\/wp-content\/uploads\/2025\/04\/WhatsApp-Image-2025-04-07-at-11.26.17-AM-4-768x576.jpeg\" class=\"attachment-medium_large size-medium_large wp-image-1298\" alt=\"\" srcset=\"https:\/\/ascofafi.com\/wp-content\/uploads\/2025\/04\/WhatsApp-Image-2025-04-07-at-11.26.17-AM-4-768x576.jpeg 768w, https:\/\/ascofafi.com\/wp-content\/uploads\/2025\/04\/WhatsApp-Image-2025-04-07-at-11.26.17-AM-4-300x225.jpeg 300w, https:\/\/ascofafi.com\/wp-content\/uploads\/2025\/04\/WhatsApp-Image-2025-04-07-at-11.26.17-AM-4-1024x768.jpeg 1024w, https:\/\/ascofafi.com\/wp-content\/uploads\/2025\/04\/WhatsApp-Image-2025-04-07-at-11.26.17-AM-4-1536x1152.jpeg 1536w, https:\/\/ascofafi.com\/wp-content\/uploads\/2025\/04\/WhatsApp-Image-2025-04-07-at-11.26.17-AM-4.jpeg 1600w\" sizes=\"(max-width: 768px) 100vw, 768px\" \/>\t\t\t\t\t\t\t\t\t\t\t\t\t\t\t<\/div>\n\t\t\t\t<\/div>\n\t\t\t\t\t<\/div>\n\t\t<\/div>\n\t\t\t\t\t<\/div>\n\t\t<\/section>\n\t\t\t\t<section class=\"elementor-section elementor-top-section elementor-element elementor-element-cd76abb elementor-section-boxed elementor-section-height-default elementor-section-height-default\" data-id=\"cd76abb\" data-element_type=\"section\" data-e-type=\"section\">\n\t\t\t\t\t\t<div class=\"elementor-container elementor-column-gap-default\">\n\t\t\t\t\t<div class=\"elementor-column elementor-col-100 elementor-top-column elementor-element elementor-element-2df9a9a\" data-id=\"2df9a9a\" data-element_type=\"column\" data-e-type=\"column\">\n\t\t\t<div class=\"elementor-widget-wrap elementor-element-populated\">\n\t\t\t\t\t\t<div class=\"elementor-element elementor-element-cc7b8bb elementor-widget elementor-widget-heading\" data-id=\"cc7b8bb\" data-element_type=\"widget\" data-e-type=\"widget\" data-widget_type=\"heading.default\">\n\t\t\t\t<div class=\"elementor-widget-container\">\n\t\t\t\t\t<h2 class=\"elementor-heading-title elementor-size-default\">Misi\u00f3n<\/h2>\t\t\t\t<\/div>\n\t\t\t\t<\/div>\n\t\t\t\t<div class=\"elementor-element elementor-element-4721a10 elementor-widget elementor-widget-text-editor\" data-id=\"4721a10\" data-element_type=\"widget\" data-e-type=\"widget\" data-widget_type=\"text-editor.default\">\n\t\t\t\t<div class=\"elementor-widget-container\">\n\t\t\t\t\t\t\t\t\t<p><span style=\"font-weight: 400;\">Promover la formaci\u00f3n de alta calidad de profesionales en Fisioterapia de acuerdo a los avances en el objeto de estudio de la profesi\u00f3n, a partir de las funciones sustantivas de la educaci\u00f3n superior respetando la autonom\u00eda de las instituciones y sus programas. <\/span><\/p>\t\t\t\t\t\t\t\t<\/div>\n\t\t\t\t<\/div>\n\t\t\t\t\t<\/div>\n\t\t<\/div>\n\t\t\t\t\t<\/div>\n\t\t<\/section>\n\t\t\t\t<section class=\"elementor-section elementor-top-section elementor-element elementor-element-dd855b9 elementor-section-boxed elementor-section-height-default elementor-section-height-default\" data-id=\"dd855b9\" data-element_type=\"section\" data-e-type=\"section\">\n\t\t\t\t\t\t<div class=\"elementor-container elementor-column-gap-default\">\n\t\t\t\t\t<div class=\"elementor-column elementor-col-100 elementor-top-column elementor-element elementor-element-4039fca\" data-id=\"4039fca\" data-element_type=\"column\" data-e-type=\"column\">\n\t\t\t<div class=\"elementor-widget-wrap elementor-element-populated\">\n\t\t\t\t\t\t<div class=\"elementor-element elementor-element-9205a5e elementor-widget elementor-widget-heading\" data-id=\"9205a5e\" data-element_type=\"widget\" data-e-type=\"widget\" data-widget_type=\"heading.default\">\n\t\t\t\t<div class=\"elementor-widget-container\">\n\t\t\t\t\t<h2 class=\"elementor-heading-title elementor-size-default\">Visi\u00f3n<\/h2>\t\t\t\t<\/div>\n\t\t\t\t<\/div>\n\t\t\t\t<div class=\"elementor-element elementor-element-d10bd35 elementor-widget elementor-widget-text-editor\" data-id=\"d10bd35\" data-element_type=\"widget\" data-e-type=\"widget\" data-widget_type=\"text-editor.default\">\n\t\t\t\t<div class=\"elementor-widget-container\">\n\t\t\t\t\t\t\t\t\t<p><span style=\"font-weight: 400;\">Ser reconocida a nivel mundial como la Asociaci\u00f3n de Facultades de Fisioterapia con los mejores resultados frente al fortalecimiento de la calidad acad\u00e9mica de los programas de fisioterapia del pa\u00eds. <\/span><\/p>\t\t\t\t\t\t\t\t<\/div>\n\t\t\t\t<\/div>\n\t\t\t\t\t<\/div>\n\t\t<\/div>\n\t\t\t\t\t<\/div>\n\t\t<\/section>\n\t\t\t\t<section class=\"elementor-section elementor-top-section elementor-element elementor-element-78452e2 elementor-section-boxed elementor-section-height-default elementor-section-height-default\" data-id=\"78452e2\" data-element_type=\"section\" data-e-type=\"section\">\n\t\t\t\t\t\t<div class=\"elementor-container elementor-column-gap-default\">\n\t\t\t\t\t<div class=\"elementor-column elementor-col-100 elementor-top-column elementor-element elementor-element-90a5d77\" data-id=\"90a5d77\" data-element_type=\"column\" data-e-type=\"column\">\n\t\t\t<div class=\"elementor-widget-wrap elementor-element-populated\">\n\t\t\t\t\t\t<div class=\"elementor-element elementor-element-3b78e1f elementor-widget elementor-widget-image\" data-id=\"3b78e1f\" data-element_type=\"widget\" data-e-type=\"widget\" data-widget_type=\"image.default\">\n\t\t\t\t<div class=\"elementor-widget-container\">\n\t\t\t\t\t\t\t\t\t\t\t\t\t\t\t<img decoding=\"async\" width=\"768\" height=\"607\" src=\"https:\/\/ascofafi.com\/wp-content\/uploads\/2025\/04\/WhatsApp-Image-2025-04-28-at-11.00.57-AM-768x607.jpeg\" class=\"attachment-medium_large size-medium_large wp-image-1242\" alt=\"\" srcset=\"https:\/\/ascofafi.com\/wp-content\/uploads\/2025\/04\/WhatsApp-Image-2025-04-28-at-11.00.57-AM-768x607.jpeg 768w, https:\/\/ascofafi.com\/wp-content\/uploads\/2025\/04\/WhatsApp-Image-2025-04-28-at-11.00.57-AM-300x237.jpeg 300w, https:\/\/ascofafi.com\/wp-content\/uploads\/2025\/04\/WhatsApp-Image-2025-04-28-at-11.00.57-AM-1024x810.jpeg 1024w, https:\/\/ascofafi.com\/wp-content\/uploads\/2025\/04\/WhatsApp-Image-2025-04-28-at-11.00.57-AM.jpeg 1424w\" sizes=\"(max-width: 768px) 100vw, 768px\" \/>\t\t\t\t\t\t\t\t\t\t\t\t\t\t\t<\/div>\n\t\t\t\t<\/div>\n\t\t\t\t\t<\/div>\n\t\t<\/div>\n\t\t\t\t\t<\/div>\n\t\t<\/section>\n\t\t\t\t<section class=\"elementor-section elementor-top-section elementor-element elementor-element-c74ceee elementor-section-boxed elementor-section-height-default elementor-section-height-default\" data-id=\"c74ceee\" data-element_type=\"section\" data-e-type=\"section\">\n\t\t\t\t\t\t<div class=\"elementor-container elementor-column-gap-default\">\n\t\t\t\t\t<div class=\"elementor-column elementor-col-100 elementor-top-column elementor-element elementor-element-8fb2e7b\" data-id=\"8fb2e7b\" data-element_type=\"column\" data-e-type=\"column\">\n\t\t\t<div class=\"elementor-widget-wrap elementor-element-populated\">\n\t\t\t\t\t\t<div class=\"elementor-element elementor-element-a891b46 elementor-widget elementor-widget-heading\" data-id=\"a891b46\" data-element_type=\"widget\" data-e-type=\"widget\" data-widget_type=\"heading.default\">\n\t\t\t\t<div class=\"elementor-widget-container\">\n\t\t\t\t\t<h2 class=\"elementor-heading-title elementor-size-default\">Objetivos<\/h2>\t\t\t\t<\/div>\n\t\t\t\t<\/div>\n\t\t\t\t<div class=\"elementor-element elementor-element-acc0c26 elementor-widget elementor-widget-text-editor\" data-id=\"acc0c26\" data-element_type=\"widget\" data-e-type=\"widget\" data-widget_type=\"text-editor.default\">\n\t\t\t\t<div class=\"elementor-widget-container\">\n\t\t\t\t\t\t\t\t\t<blockquote><p><span style=\"font-weight: 400;\">Nuestro Objeto social es congregar a las unidades acad\u00e9micas de fisioterapia a nivel nacional, con el fin de establecer e implementar un proceso de trabajo sistem\u00e1tico, mancomunado y permanente que propenda por el desarrollo acad\u00e9mico y la calidad en la formaci\u00f3n del fisioterapeuta profesional en el pa\u00eds. <\/span><\/p><\/blockquote>\t\t\t\t\t\t\t\t<\/div>\n\t\t\t\t<\/div>\n\t\t\t\t<div class=\"elementor-element elementor-element-9fc0163 elementor-widget elementor-widget-text-editor\" data-id=\"9fc0163\" data-element_type=\"widget\" data-e-type=\"widget\" data-widget_type=\"text-editor.default\">\n\t\t\t\t<div class=\"elementor-widget-container\">\n\t\t\t\t\t\t\t\t\t<p><b>Objetivos espec\u00edficos<\/b><span style=\"font-weight: 400;\">:\u00a0<\/span><\/p><ol><li style=\"font-weight: 400;\" aria-level=\"1\"><span style=\"font-weight: 400;\">Fortalecer el intercambio acad\u00e9mico e investigativo entre las unidades formadoras de fisioterapeutas a nivel nacional, facilitando la consolidaci\u00f3n de una comunidad acad\u00e9mica de fisioterapia a nivel nacional que sea visible a nivel internacional.<\/span><\/li><li style=\"font-weight: 400;\" aria-level=\"1\"><span style=\"font-weight: 400;\">Fomentar la calidad acad\u00e9mica de las propuestas curriculares con adecuaci\u00f3n permanente a las necesidades del pa\u00eds y a los desarrollos de la ciencia y la tecnolog\u00eda.<\/span><\/li><li style=\"font-weight: 400;\" aria-level=\"1\"><span style=\"font-weight: 400;\">Prestar asesor\u00eda al Gobierno Nacional y a los entes estatales correspondientes en la definici\u00f3n de los requisitos para la creaci\u00f3n y funcionamiento de los programas de pre y postgrado en fisioterapia a nivel nacional, as\u00ed como en la actualizaci\u00f3n de sus est\u00e1ndares de calidad.<\/span><\/li><li style=\"font-weight: 400;\" aria-level=\"1\"><span style=\"font-weight: 400;\">Participar con los organismos del Gobierno Nacional y las asociaciones gremiales de fisioterapia en el pa\u00eds, en la reglamentaci\u00f3n del ejercicio profesional y los aspectos \u00e9ticos que ata\u00f1en a la profesi\u00f3n.<\/span><\/li><\/ol>\t\t\t\t\t\t\t\t<\/div>\n\t\t\t\t<\/div>\n\t\t\t\t\t<\/div>\n\t\t<\/div>\n\t\t\t\t\t<\/div>\n\t\t<\/section>\n\t\t\t\t<\/div>\n\t\t","protected":false},"excerpt":{"rendered":"<p>Misi\u00f3n Promover la formaci\u00f3n de alta calidad de profesionales en Fisioterapia de acuerdo a los avances en el objeto de estudio de la profesi\u00f3n, a partir de las funciones sustantivas de la educaci\u00f3n superior respetando la autonom\u00eda de las instituciones y sus programas. Visi\u00f3n Ser reconocida a nivel mundial como la Asociaci\u00f3n de Facultades de [&hellip;]<\/p>\n","protected":false},"author":1,"featured_media":0,"parent":0,"menu_order":0,"comment_status":"closed","ping_status":"closed","template":"","meta":{"om_disable_all_campaigns":false,"_monsterinsights_skip_tracking":false,"_monsterinsights_sitenote_active":false,"_monsterinsights_sitenote_note":"","_monsterinsights_sitenote_category":0,"footnotes":""},"class_list":["post-14","page","type-page","status-publish","hentry","wpbf-post"],"aioseo_notices":[],"_links":{"self":[{"href":"https:\/\/ascofafi.com\/index.php?rest_route=\/wp\/v2\/pages\/14","targetHints":{"allow":["GET"]}}],"collection":[{"href":"https:\/\/ascofafi.com\/index.php?rest_route=\/wp\/v2\/pages"}],"about":[{"href":"https:\/\/ascofafi.com\/index.php?rest_route=\/wp\/v2\/types\/page"}],"author":[{"embeddable":true,"href":"https:\/\/ascofafi.com\/index.php?rest_route=\/wp\/v2\/users\/1"}],"replies":[{"embeddable":true,"href":"https:\/\/ascofafi.com\/index.php?rest_route=%2Fwp%2Fv2%2Fcomments&post=14"}],"version-history":[{"count":32,"href":"https:\/\/ascofafi.com\/index.php?rest_route=\/wp\/v2\/pages\/14\/revisions"}],"predecessor-version":[{"id":1305,"href":"https:\/\/ascofafi.com\/index.php?rest_route=\/wp\/v2\/pages\/14\/revisions\/1305"}],"wp:attachment":[{"href":"https:\/\/ascofafi.com\/index.php?rest_route=%2Fwp%2Fv2%2Fmedia&parent=14"}],"curies":[{"name":"wp","href":"https:\/\/api.w.org\/{rel}","templated":true}]}}