{"id":257,"date":"2022-09-18T14:22:01","date_gmt":"2022-09-18T14:22:01","guid":{"rendered":"https:\/\/ascofafi.com\/?page_id=257"},"modified":"2025-12-06T22:33:29","modified_gmt":"2025-12-06T22:33:29","slug":"convocatorias-y-eventos","status":"publish","type":"page","link":"https:\/\/ascofafi.com\/?page_id=257","title":{"rendered":"Eventos"},"content":{"rendered":"\t\t<div data-elementor-type=\"wp-page\" data-elementor-id=\"257\" class=\"elementor elementor-257\">\n\t\t\t\t\t\t<section class=\"elementor-section elementor-top-section elementor-element elementor-element-c274e34 elementor-section-boxed elementor-section-height-default elementor-section-height-default\" data-id=\"c274e34\" data-element_type=\"section\" data-e-type=\"section\">\n\t\t\t\t\t\t<div class=\"elementor-container elementor-column-gap-default\">\n\t\t\t\t\t<div class=\"elementor-column elementor-col-100 elementor-top-column elementor-element elementor-element-4550045\" data-id=\"4550045\" data-element_type=\"column\" data-e-type=\"column\">\n\t\t\t<div class=\"elementor-widget-wrap elementor-element-populated\">\n\t\t\t\t\t\t<div class=\"elementor-element elementor-element-a899d5d elementor-arrows-position-inside elementor-pagination-position-outside elementor-widget elementor-widget-image-carousel\" data-id=\"a899d5d\" data-element_type=\"widget\" data-e-type=\"widget\" data-settings=\"{&quot;slides_to_show&quot;:&quot;1&quot;,&quot;navigation&quot;:&quot;both&quot;,&quot;autoplay&quot;:&quot;yes&quot;,&quot;pause_on_hover&quot;:&quot;yes&quot;,&quot;pause_on_interaction&quot;:&quot;yes&quot;,&quot;autoplay_speed&quot;:5000,&quot;infinite&quot;:&quot;yes&quot;,&quot;effect&quot;:&quot;slide&quot;,&quot;speed&quot;:500}\" data-widget_type=\"image-carousel.default\">\n\t\t\t\t<div class=\"elementor-widget-container\">\n\t\t\t\t\t\t\t<div class=\"elementor-image-carousel-wrapper swiper\" role=\"region\" aria-roledescription=\"carousel\" aria-label=\"Carrusel de im\u00e1genes\" dir=\"ltr\">\n\t\t\t<div class=\"elementor-image-carousel swiper-wrapper\" aria-live=\"off\">\n\t\t\t\t\t\t\t\t<div class=\"swiper-slide\" role=\"group\" aria-roledescription=\"slide\" aria-label=\"1 de 4\"><figure class=\"swiper-slide-inner\"><img decoding=\"async\" class=\"swiper-slide-image\" src=\"https:\/\/ascofafi.com\/wp-content\/uploads\/2022\/10\/slide1-1024x160.png\" alt=\"slide1\" \/><\/figure><\/div><div class=\"swiper-slide\" role=\"group\" aria-roledescription=\"slide\" aria-label=\"2 de 4\"><figure class=\"swiper-slide-inner\"><img decoding=\"async\" class=\"swiper-slide-image\" src=\"https:\/\/ascofafi.com\/wp-content\/uploads\/2022\/10\/slide2-1024x160.png\" alt=\"slide2\" \/><\/figure><\/div><div class=\"swiper-slide\" role=\"group\" aria-roledescription=\"slide\" aria-label=\"3 de 4\"><figure class=\"swiper-slide-inner\"><img decoding=\"async\" class=\"swiper-slide-image\" src=\"https:\/\/ascofafi.com\/wp-content\/uploads\/2022\/10\/slide3-1024x160.png\" alt=\"slide3\" \/><\/figure><\/div><div class=\"swiper-slide\" role=\"group\" aria-roledescription=\"slide\" aria-label=\"4 de 4\"><figure class=\"swiper-slide-inner\"><img decoding=\"async\" class=\"swiper-slide-image\" src=\"https:\/\/ascofafi.com\/wp-content\/uploads\/2022\/11\/image-3-1024x225.png\" alt=\"image (3)\" \/><\/figure><\/div>\t\t\t<\/div>\n\t\t\t\t\t\t\t\t\t\t\t\t<div class=\"elementor-swiper-button elementor-swiper-button-prev\" role=\"button\" tabindex=\"0\">\n\t\t\t\t\t\t<i aria-hidden=\"true\" class=\"eicon-chevron-left\"><\/i>\t\t\t\t\t<\/div>\n\t\t\t\t\t<div class=\"elementor-swiper-button elementor-swiper-button-next\" role=\"button\" tabindex=\"0\">\n\t\t\t\t\t\t<i aria-hidden=\"true\" class=\"eicon-chevron-right\"><\/i>\t\t\t\t\t<\/div>\n\t\t\t\t\n\t\t\t\t\t\t\t\t\t<div class=\"swiper-pagination\"><\/div>\n\t\t\t\t\t\t\t\t\t<\/div>\n\t\t\t\t\t\t<\/div>\n\t\t\t\t<\/div>\n\t\t\t\t\t<\/div>\n\t\t<\/div>\n\t\t\t\t\t<\/div>\n\t\t<\/section>\n\t\t\t\t<section class=\"elementor-section elementor-top-section elementor-element elementor-element-4b88fd7 elementor-section-boxed elementor-section-height-default elementor-section-height-default\" data-id=\"4b88fd7\" data-element_type=\"section\" data-e-type=\"section\">\n\t\t\t\t\t\t<div class=\"elementor-container elementor-column-gap-default\">\n\t\t\t\t\t<div class=\"elementor-column elementor-col-100 elementor-top-column elementor-element elementor-element-66738e2\" data-id=\"66738e2\" data-element_type=\"column\" data-e-type=\"column\">\n\t\t\t<div class=\"elementor-widget-wrap elementor-element-populated\">\n\t\t\t\t\t\t<div class=\"elementor-element elementor-element-5733fe0 elementor-widget elementor-widget-heading\" data-id=\"5733fe0\" data-element_type=\"widget\" data-e-type=\"widget\" data-widget_type=\"heading.default\">\n\t\t\t\t<div class=\"elementor-widget-container\">\n\t\t\t\t\t<h2 class=\"elementor-heading-title elementor-size-default\">Congresos y Encuentros Nacionales<\/h2>\t\t\t\t<\/div>\n\t\t\t\t<\/div>\n\t\t\t\t\t<\/div>\n\t\t<\/div>\n\t\t\t\t\t<\/div>\n\t\t<\/section>\n\t\t\t\t<section class=\"elementor-section elementor-top-section elementor-element elementor-element-7c72350 elementor-section-boxed elementor-section-height-default elementor-section-height-default\" data-id=\"7c72350\" data-element_type=\"section\" data-e-type=\"section\">\n\t\t\t\t\t\t<div class=\"elementor-container elementor-column-gap-default\">\n\t\t\t\t\t<div class=\"elementor-column elementor-col-100 elementor-top-column elementor-element elementor-element-6962159\" data-id=\"6962159\" data-element_type=\"column\" data-e-type=\"column\">\n\t\t\t<div class=\"elementor-widget-wrap elementor-element-populated\">\n\t\t\t\t\t\t<div class=\"elementor-element elementor-element-abeaf81 elementor-widget elementor-widget-text-editor\" data-id=\"abeaf81\" data-element_type=\"widget\" data-e-type=\"widget\" data-widget_type=\"text-editor.default\">\n\t\t\t\t<div class=\"elementor-widget-container\">\n\t\t\t\t\t\t\t\t\t<p style=\"font-weight: 400;\"><strong>XXIX Congreso Nacional de Fisioterapia<\/strong><\/p><p style=\"font-weight: 400;\">Del\u00a020, 21 y 22 de marzo de 2026 en la ciudad de Manizales, Colombia.<\/p><p style=\"font-weight: 400;\">Este congreso se ha consolidado como el escenario acad\u00e9mico y profesional m\u00e1s importante de nuestra disciplina en el pa\u00eds, y ser\u00e1 una oportunidad \u00fanica para reflexionar sobre las\u00a0transformaciones digitales en los servicios de fisioterapia, las\u00a0tendencias actuales en la pr\u00e1ctica profesional, y los\u00a0retos globales que enfrentamos como gremio<strong>.<\/strong><\/p>\t\t\t\t\t\t\t\t<\/div>\n\t\t\t\t<\/div>\n\t\t\t\t\t<\/div>\n\t\t<\/div>\n\t\t\t\t\t<\/div>\n\t\t<\/section>\n\t\t\t\t<section class=\"elementor-section elementor-top-section elementor-element elementor-element-0f15514 elementor-section-boxed elementor-section-height-default elementor-section-height-default\" data-id=\"0f15514\" data-element_type=\"section\" data-e-type=\"section\">\n\t\t\t\t\t\t<div class=\"elementor-container elementor-column-gap-default\">\n\t\t\t\t\t<div class=\"elementor-column elementor-col-100 elementor-top-column elementor-element elementor-element-4a94993\" data-id=\"4a94993\" data-element_type=\"column\" data-e-type=\"column\">\n\t\t\t<div class=\"elementor-widget-wrap elementor-element-populated\">\n\t\t\t\t\t\t<div class=\"elementor-element elementor-element-aa3a66f elementor-widget elementor-widget-image\" data-id=\"aa3a66f\" data-element_type=\"widget\" data-e-type=\"widget\" data-widget_type=\"image.default\">\n\t\t\t\t<div class=\"elementor-widget-container\">\n\t\t\t\t\t\t\t\t\t\t\t\t\t\t\t<img fetchpriority=\"high\" decoding=\"async\" width=\"1024\" height=\"1024\" src=\"https:\/\/ascofafi.com\/wp-content\/uploads\/2025\/12\/Propuesta-final-afiche-congreso-1-1024x1024.png\" class=\"attachment-large size-large wp-image-1429\" alt=\"\" srcset=\"https:\/\/ascofafi.com\/wp-content\/uploads\/2025\/12\/Propuesta-final-afiche-congreso-1-1024x1024.png 1024w, https:\/\/ascofafi.com\/wp-content\/uploads\/2025\/12\/Propuesta-final-afiche-congreso-1-300x300.png 300w, https:\/\/ascofafi.com\/wp-content\/uploads\/2025\/12\/Propuesta-final-afiche-congreso-1-150x150.png 150w, https:\/\/ascofafi.com\/wp-content\/uploads\/2025\/12\/Propuesta-final-afiche-congreso-1-768x768.png 768w, https:\/\/ascofafi.com\/wp-content\/uploads\/2025\/12\/Propuesta-final-afiche-congreso-1.png 1063w\" sizes=\"(max-width: 1024px) 100vw, 1024px\" \/>\t\t\t\t\t\t\t\t\t\t\t\t\t\t\t<\/div>\n\t\t\t\t<\/div>\n\t\t\t\t\t<\/div>\n\t\t<\/div>\n\t\t\t\t\t<\/div>\n\t\t<\/section>\n\t\t\t\t<section class=\"elementor-section elementor-top-section elementor-element elementor-element-705e4e5 elementor-section-boxed elementor-section-height-default elementor-section-height-default\" data-id=\"705e4e5\" data-element_type=\"section\" data-e-type=\"section\">\n\t\t\t\t\t\t<div class=\"elementor-container elementor-column-gap-default\">\n\t\t\t\t\t<div class=\"elementor-column elementor-col-100 elementor-top-column elementor-element elementor-element-71226c9\" data-id=\"71226c9\" data-element_type=\"column\" data-e-type=\"column\">\n\t\t\t<div class=\"elementor-widget-wrap\">\n\t\t\t\t\t\t\t<\/div>\n\t\t<\/div>\n\t\t\t\t\t<\/div>\n\t\t<\/section>\n\t\t\t\t<section class=\"elementor-section elementor-top-section elementor-element elementor-element-a2dc6c4 elementor-section-boxed elementor-section-height-default elementor-section-height-default\" data-id=\"a2dc6c4\" data-element_type=\"section\" data-e-type=\"section\">\n\t\t\t\t\t\t<div class=\"elementor-container elementor-column-gap-default\">\n\t\t\t\t\t<div class=\"elementor-column elementor-col-100 elementor-top-column elementor-element elementor-element-29ef46b\" data-id=\"29ef46b\" data-element_type=\"column\" data-e-type=\"column\">\n\t\t\t<div class=\"elementor-widget-wrap elementor-element-populated\">\n\t\t\t\t\t\t<div class=\"elementor-element elementor-element-c77c0ff elementor-widget elementor-widget-video\" data-id=\"c77c0ff\" data-element_type=\"widget\" data-e-type=\"widget\" data-settings=\"{&quot;video_type&quot;:&quot;vimeo&quot;}\" data-widget_type=\"video.default\">\n\t\t\t\t<div class=\"elementor-widget-container\">\n\t\t\t\t\t\t\t<div class=\"elementor-wrapper elementor-open-inline\">\n\t\t\t<iframe class=\"elementor-video-iframe\" allowfullscreen allow=\"clipboard-write\" title=\"Reproductor de v\u00eddeo vimeo\" src=\"https:\/\/player.vimeo.com\/video\/1120400157?color&amp;autopause=0&amp;loop=0&amp;muted=0&amp;title=1&amp;portrait=1&amp;byline=1#t=\"><\/iframe>\t\t<\/div>\n\t\t\t\t\t\t<\/div>\n\t\t\t\t<\/div>\n\t\t\t\t\t<\/div>\n\t\t<\/div>\n\t\t\t\t\t<\/div>\n\t\t<\/section>\n\t\t\t\t<section class=\"elementor-section elementor-top-section elementor-element elementor-element-9c22055 elementor-section-boxed elementor-section-height-default elementor-section-height-default\" data-id=\"9c22055\" data-element_type=\"section\" data-e-type=\"section\">\n\t\t\t\t\t\t<div class=\"elementor-container elementor-column-gap-default\">\n\t\t\t\t\t<div class=\"elementor-column elementor-col-100 elementor-top-column elementor-element elementor-element-e95b2a6\" data-id=\"e95b2a6\" data-element_type=\"column\" data-e-type=\"column\">\n\t\t\t<div class=\"elementor-widget-wrap elementor-element-populated\">\n\t\t\t\t\t\t<div class=\"elementor-element elementor-element-09b35f2 elementor-widget elementor-widget-image-gallery\" data-id=\"09b35f2\" data-element_type=\"widget\" data-e-type=\"widget\" data-widget_type=\"image-gallery.default\">\n\t\t\t\t<div class=\"elementor-widget-container\">\n\t\t\t\t\t\t\t<div class=\"elementor-image-gallery\">\n\t\t\t<div id='gallery-1' class='gallery galleryid-257 gallery-columns-2 gallery-size-medium'><figure class='gallery-item'>\n\t\t\t<div class='gallery-icon portrait'>\n\t\t\t\t<a data-elementor-open-lightbox=\"yes\" data-elementor-lightbox-slideshow=\"09b35f2\" data-elementor-lightbox-title=\"TARIFAS DE INSCRIPCI\u00d3N COMPLETAS\" data-e-action-hash=\"#elementor-action%3Aaction%3Dlightbox%26settings%3DeyJpZCI6MTQzMSwidXJsIjoiaHR0cHM6XC9cL2FzY29mYWZpLmNvbVwvd3AtY29udGVudFwvdXBsb2Fkc1wvMjAyNVwvMTJcL1RBUklGQVMtREUtSU5TQ1JJUENJT04tQ09NUExFVEFTLnBuZyIsInNsaWRlc2hvdyI6IjA5YjM1ZjIifQ%3D%3D\" href='https:\/\/ascofafi.com\/wp-content\/uploads\/2025\/12\/TARIFAS-DE-INSCRIPCION-COMPLETAS.png'><img decoding=\"async\" width=\"212\" height=\"300\" src=\"https:\/\/ascofafi.com\/wp-content\/uploads\/2025\/12\/TARIFAS-DE-INSCRIPCION-COMPLETAS-212x300.png\" class=\"attachment-medium size-medium\" alt=\"\" srcset=\"https:\/\/ascofafi.com\/wp-content\/uploads\/2025\/12\/TARIFAS-DE-INSCRIPCION-COMPLETAS-212x300.png 212w, https:\/\/ascofafi.com\/wp-content\/uploads\/2025\/12\/TARIFAS-DE-INSCRIPCION-COMPLETAS-724x1024.png 724w, https:\/\/ascofafi.com\/wp-content\/uploads\/2025\/12\/TARIFAS-DE-INSCRIPCION-COMPLETAS-768x1086.png 768w, https:\/\/ascofafi.com\/wp-content\/uploads\/2025\/12\/TARIFAS-DE-INSCRIPCION-COMPLETAS-1086x1536.png 1086w, https:\/\/ascofafi.com\/wp-content\/uploads\/2025\/12\/TARIFAS-DE-INSCRIPCION-COMPLETAS.png 1414w\" sizes=\"(max-width: 212px) 100vw, 212px\" \/><\/a>\n\t\t\t<\/div><\/figure><figure class='gallery-item'>\n\t\t\t<div class='gallery-icon portrait'>\n\t\t\t\t<a data-elementor-open-lightbox=\"yes\" data-elementor-lightbox-slideshow=\"09b35f2\" data-elementor-lightbox-title=\"TARIFA DOS HOTELES (1)\" data-e-action-hash=\"#elementor-action%3Aaction%3Dlightbox%26settings%3DeyJpZCI6MTQzMCwidXJsIjoiaHR0cHM6XC9cL2FzY29mYWZpLmNvbVwvd3AtY29udGVudFwvdXBsb2Fkc1wvMjAyNVwvMTJcL1RBUklGQS1ET1MtSE9URUxFUy0xLnBuZyIsInNsaWRlc2hvdyI6IjA5YjM1ZjIifQ%3D%3D\" href='https:\/\/ascofafi.com\/wp-content\/uploads\/2025\/12\/TARIFA-DOS-HOTELES-1.png'><img decoding=\"async\" width=\"212\" height=\"300\" src=\"https:\/\/ascofafi.com\/wp-content\/uploads\/2025\/12\/TARIFA-DOS-HOTELES-1-212x300.png\" class=\"attachment-medium size-medium\" alt=\"\" srcset=\"https:\/\/ascofafi.com\/wp-content\/uploads\/2025\/12\/TARIFA-DOS-HOTELES-1-212x300.png 212w, https:\/\/ascofafi.com\/wp-content\/uploads\/2025\/12\/TARIFA-DOS-HOTELES-1-724x1024.png 724w, https:\/\/ascofafi.com\/wp-content\/uploads\/2025\/12\/TARIFA-DOS-HOTELES-1-768x1086.png 768w, https:\/\/ascofafi.com\/wp-content\/uploads\/2025\/12\/TARIFA-DOS-HOTELES-1-1086x1536.png 1086w, https:\/\/ascofafi.com\/wp-content\/uploads\/2025\/12\/TARIFA-DOS-HOTELES-1.png 1414w\" sizes=\"(max-width: 212px) 100vw, 212px\" \/><\/a>\n\t\t\t<\/div><\/figure>\n\t\t<\/div>\n\t\t<\/div>\n\t\t\t\t\t\t<\/div>\n\t\t\t\t<\/div>\n\t\t\t\t\t<\/div>\n\t\t<\/div>\n\t\t\t\t\t<\/div>\n\t\t<\/section>\n\t\t\t\t<section class=\"elementor-section elementor-top-section elementor-element elementor-element-151e423 elementor-section-boxed elementor-section-height-default elementor-section-height-default\" data-id=\"151e423\" data-element_type=\"section\" data-e-type=\"section\">\n\t\t\t\t\t\t<div class=\"elementor-container elementor-column-gap-default\">\n\t\t\t\t\t<div class=\"elementor-column elementor-col-100 elementor-top-column elementor-element elementor-element-fc0e1e8\" data-id=\"fc0e1e8\" data-element_type=\"column\" data-e-type=\"column\">\n\t\t\t<div class=\"elementor-widget-wrap elementor-element-populated\">\n\t\t\t\t\t\t<div class=\"elementor-element elementor-element-3afcbc4 elementor-widget elementor-widget-html\" data-id=\"3afcbc4\" data-element_type=\"widget\" data-e-type=\"widget\" data-widget_type=\"html.default\">\n\t\t\t\t<div class=\"elementor-widget-container\">\n\t\t\t\t\t<div style=\"text-align:center;\"><div style=\"margin:8px 0px 4px;\"><a href=\"https:\/\/www.calameo.com\/books\/0081106109f131da7bd34\" target=\"_blank\">Presentaci\u00f3n (congreso 2026)<\/a><\/div><iframe src=\"\/\/v.calameo.com\/?bkcode=0081106109f131da7bd34&mode=mini&clickto=view&clicktarget=_self\" width=\"560\" height=\"350\" frameborder=\"0\" scrolling=\"no\" allowtransparency allowfullscreen style=\"margin:0 auto;\"><\/iframe><div style=\"margin:4px 0px 8px;\"><a href=\"http:\/\/www.calameo.com\/\" target=\"_blank\">Leer m\u00e1s publicaciones en Calam\u00e9o<\/a><\/div><\/div>\t\t\t\t<\/div>\n\t\t\t\t<\/div>\n\t\t\t\t\t<\/div>\n\t\t<\/div>\n\t\t\t\t\t<\/div>\n\t\t<\/section>\n\t\t\t\t<section class=\"elementor-section elementor-top-section elementor-element elementor-element-840888d elementor-section-boxed elementor-section-height-default elementor-section-height-default\" data-id=\"840888d\" data-element_type=\"section\" data-e-type=\"section\">\n\t\t\t\t\t\t<div class=\"elementor-container elementor-column-gap-default\">\n\t\t\t\t\t<div class=\"elementor-column elementor-col-100 elementor-top-column elementor-element elementor-element-9f00c34\" data-id=\"9f00c34\" data-element_type=\"column\" data-e-type=\"column\">\n\t\t\t<div class=\"elementor-widget-wrap elementor-element-populated\">\n\t\t\t\t\t\t<div class=\"elementor-element elementor-element-e8f9288 elementor-widget elementor-widget-html\" data-id=\"e8f9288\" data-element_type=\"widget\" data-e-type=\"widget\" data-widget_type=\"html.default\">\n\t\t\t\t<div class=\"elementor-widget-container\">\n\t\t\t\t\t<div style=\"text-align:center;\"><div style=\"margin:8px 0px 4px;\"><a href=\"https:\/\/www.calameo.com\/books\/0081106101e8b4a482fbe\" target=\"_blank\">2 Esructura General Convocatorias Pares Evaluadores Comunicaciones Orales Posters (1)<\/a><\/div><iframe src=\"\/\/v.calameo.com\/?bkcode=0081106101e8b4a482fbe&mode=mini&clickto=view&clicktarget=_self\" width=\"560\" height=\"350\" frameborder=\"0\" scrolling=\"no\" allowtransparency allowfullscreen style=\"margin:0 auto;\"><\/iframe><div style=\"margin:4px 0px 8px;\"><a href=\"http:\/\/www.calameo.com\/\" target=\"_blank\">Leer m\u00e1s publicaciones en Calam\u00e9o<\/a><\/div><\/div>\t\t\t\t<\/div>\n\t\t\t\t<\/div>\n\t\t\t\t\t<\/div>\n\t\t<\/div>\n\t\t\t\t\t<\/div>\n\t\t<\/section>\n\t\t\t\t<section class=\"elementor-section elementor-top-section elementor-element elementor-element-d2d0053 elementor-section-boxed elementor-section-height-default elementor-section-height-default\" data-id=\"d2d0053\" data-element_type=\"section\" data-e-type=\"section\">\n\t\t\t\t\t\t<div class=\"elementor-container elementor-column-gap-default\">\n\t\t\t\t\t<div class=\"elementor-column elementor-col-100 elementor-top-column elementor-element elementor-element-a525071\" data-id=\"a525071\" data-element_type=\"column\" data-e-type=\"column\">\n\t\t\t<div class=\"elementor-widget-wrap elementor-element-populated\">\n\t\t\t\t\t\t<div class=\"elementor-element elementor-element-308780a elementor-widget elementor-widget-html\" data-id=\"308780a\" data-element_type=\"widget\" data-e-type=\"widget\" data-widget_type=\"html.default\">\n\t\t\t\t<div class=\"elementor-widget-container\">\n\t\t\t\t\t<div style=\"text-align:center;\"><div style=\"margin:8px 0px 4px;\"><a href=\"https:\/\/www.calameo.com\/books\/008110610825e1ef6b9a8\" target=\"_blank\">3 Convocatoria Premio Investigaci\u00f3n (1)<\/a><\/div><iframe src=\"\/\/v.calameo.com\/?bkcode=008110610825e1ef6b9a8&mode=mini&clickto=view&clicktarget=_self\" width=\"560\" height=\"350\" frameborder=\"0\" scrolling=\"no\" allowtransparency allowfullscreen style=\"margin:0 auto;\"><\/iframe><div style=\"margin:4px 0px 8px;\"><a href=\"http:\/\/www.calameo.com\/\" target=\"_blank\">Leer m\u00e1s publicaciones en Calam\u00e9o<\/a><\/div><\/div>\t\t\t\t<\/div>\n\t\t\t\t<\/div>\n\t\t\t\t\t<\/div>\n\t\t<\/div>\n\t\t\t\t\t<\/div>\n\t\t<\/section>\n\t\t\t\t<section class=\"elementor-section elementor-top-section elementor-element elementor-element-54a8eeb elementor-section-boxed elementor-section-height-default elementor-section-height-default\" data-id=\"54a8eeb\" data-element_type=\"section\" data-e-type=\"section\">\n\t\t\t\t\t\t<div class=\"elementor-container elementor-column-gap-default\">\n\t\t\t\t\t<div class=\"elementor-column elementor-col-100 elementor-top-column elementor-element elementor-element-94642b7\" data-id=\"94642b7\" data-element_type=\"column\" data-e-type=\"column\">\n\t\t\t<div class=\"elementor-widget-wrap elementor-element-populated\">\n\t\t\t\t\t\t<div class=\"elementor-element elementor-element-865e8a1 elementor-widget elementor-widget-text-editor\" data-id=\"865e8a1\" data-element_type=\"widget\" data-e-type=\"widget\" data-widget_type=\"text-editor.default\">\n\t\t\t\t<div class=\"elementor-widget-container\">\n\t\t\t\t\t\t\t\t\t<p><a href=\"https:\/\/ascofafi.com\/?p=1215\" target=\"_blank\" rel=\"noopener\">X ENCUENTRO NACIONAL E INTERNACIONAL DOCENTE ASCOFAFI PREGRADO Y POSGRADO EN FISIOTERAPIA Y KINESIOLOG\u00cdA: \u201cEDUCACI\u00d3N INTERPROFESIONAL EN MOVIMIENTO\u201d<\/a><\/p><p><a href=\"https:\/\/ascofafi.com\/?page_id=270\" target=\"_blank\" rel=\"noopener\">IX Encuentro Nacional de Docentes de Fisioterapia (28 y 29 de abril de 2023)<\/a><\/p>\t\t\t\t\t\t\t\t<\/div>\n\t\t\t\t<\/div>\n\t\t\t\t\t<\/div>\n\t\t<\/div>\n\t\t\t\t\t<\/div>\n\t\t<\/section>\n\t\t\t\t<section class=\"elementor-section elementor-top-section elementor-element elementor-element-bd12d3d elementor-section-boxed elementor-section-height-default elementor-section-height-default\" data-id=\"bd12d3d\" data-element_type=\"section\" data-e-type=\"section\">\n\t\t\t\t\t\t<div class=\"elementor-container elementor-column-gap-default\">\n\t\t\t\t\t<div class=\"elementor-column elementor-col-100 elementor-top-column elementor-element elementor-element-68dacc7\" data-id=\"68dacc7\" data-element_type=\"column\" data-e-type=\"column\">\n\t\t\t<div class=\"elementor-widget-wrap elementor-element-populated\">\n\t\t\t\t\t\t<div class=\"elementor-element elementor-element-f182111 elementor-widget elementor-widget-text-editor\" data-id=\"f182111\" data-element_type=\"widget\" data-e-type=\"widget\" data-widget_type=\"text-editor.default\">\n\t\t\t\t<div class=\"elementor-widget-container\">\n\t\t\t\t\t\t\t\t\t<p class=\"entry-title\"><a title=\"Lineamientos III Concurso de Video ASCOFAFI\" href=\"https:\/\/ascofafi.com\/?p=1022\" rel=\"bookmark\">Lineamientos III Concurso de Video ASCOFAFI<\/a><\/p>\t\t\t\t\t\t\t\t<\/div>\n\t\t\t\t<\/div>\n\t\t\t\t\t<\/div>\n\t\t<\/div>\n\t\t\t\t\t<\/div>\n\t\t<\/section>\n\t\t\t\t<section class=\"elementor-section elementor-top-section elementor-element elementor-element-6f7d596 elementor-section-boxed elementor-section-height-default elementor-section-height-default\" data-id=\"6f7d596\" data-element_type=\"section\" data-e-type=\"section\">\n\t\t\t\t\t\t<div class=\"elementor-container elementor-column-gap-default\">\n\t\t\t\t\t<div class=\"elementor-column elementor-col-100 elementor-top-column elementor-element elementor-element-dda197c\" data-id=\"dda197c\" data-element_type=\"column\" data-e-type=\"column\">\n\t\t\t<div class=\"elementor-widget-wrap elementor-element-populated\">\n\t\t\t\t\t\t<div class=\"elementor-element elementor-element-a9a134f elementor-widget elementor-widget-heading\" data-id=\"a9a134f\" data-element_type=\"widget\" data-e-type=\"widget\" data-widget_type=\"heading.default\">\n\t\t\t\t<div class=\"elementor-widget-container\">\n\t\t\t\t\t<h2 class=\"elementor-heading-title elementor-size-default\">Convocatorias vigentes<\/h2>\t\t\t\t<\/div>\n\t\t\t\t<\/div>\n\t\t\t\t\t<\/div>\n\t\t<\/div>\n\t\t\t\t\t<\/div>\n\t\t<\/section>\n\t\t\t\t<\/div>\n\t\t","protected":false},"excerpt":{"rendered":"<p>Congresos y Encuentros Nacionales XXIX Congreso Nacional de Fisioterapia Del\u00a020, 21 y 22 de marzo de 2026 en la ciudad de Manizales, Colombia. Este congreso se ha consolidado como el escenario acad\u00e9mico y profesional m\u00e1s importante de nuestra disciplina en el pa\u00eds, y ser\u00e1 una oportunidad \u00fanica para reflexionar sobre las\u00a0transformaciones digitales en los servicios [&hellip;]<\/p>\n","protected":false},"author":1,"featured_media":0,"parent":0,"menu_order":0,"comment_status":"closed","ping_status":"closed","template":"","meta":{"om_disable_all_campaigns":false,"_monsterinsights_skip_tracking":false,"_monsterinsights_sitenote_active":false,"_monsterinsights_sitenote_note":"","_monsterinsights_sitenote_category":0,"footnotes":""},"class_list":["post-257","page","type-page","status-publish","hentry","wpbf-post"],"aioseo_notices":[],"_links":{"self":[{"href":"https:\/\/ascofafi.com\/index.php?rest_route=\/wp\/v2\/pages\/257","targetHints":{"allow":["GET"]}}],"collection":[{"href":"https:\/\/ascofafi.com\/index.php?rest_route=\/wp\/v2\/pages"}],"about":[{"href":"https:\/\/ascofafi.com\/index.php?rest_route=\/wp\/v2\/types\/page"}],"author":[{"embeddable":true,"href":"https:\/\/ascofafi.com\/index.php?rest_route=\/wp\/v2\/users\/1"}],"replies":[{"embeddable":true,"href":"https:\/\/ascofafi.com\/index.php?rest_route=%2Fwp%2Fv2%2Fcomments&post=257"}],"version-history":[{"count":57,"href":"https:\/\/ascofafi.com\/index.php?rest_route=\/wp\/v2\/pages\/257\/revisions"}],"predecessor-version":[{"id":1443,"href":"https:\/\/ascofafi.com\/index.php?rest_route=\/wp\/v2\/pages\/257\/revisions\/1443"}],"wp:attachment":[{"href":"https:\/\/ascofafi.com\/index.php?rest_route=%2Fwp%2Fv2%2Fmedia&parent=257"}],"curies":[{"name":"wp","href":"https:\/\/api.w.org\/{rel}","templated":true}]}}