{"id":270,"date":"2022-09-18T14:32:57","date_gmt":"2022-09-18T14:32:57","guid":{"rendered":"https:\/\/ascofafi.com\/?page_id=270"},"modified":"2024-10-24T22:35:20","modified_gmt":"2024-10-24T22:35:20","slug":"encuentros-nacionales-2","status":"publish","type":"page","link":"https:\/\/ascofafi.com\/?page_id=270","title":{"rendered":"Encuentros nacionales"},"content":{"rendered":"\t\t<div data-elementor-type=\"wp-page\" data-elementor-id=\"270\" class=\"elementor elementor-270\">\n\t\t\t\t\t\t<section class=\"elementor-section elementor-top-section elementor-element elementor-element-39554de elementor-section-boxed elementor-section-height-default elementor-section-height-default\" data-id=\"39554de\" data-element_type=\"section\" data-e-type=\"section\">\n\t\t\t\t\t\t<div class=\"elementor-container elementor-column-gap-default\">\n\t\t\t\t\t<div class=\"elementor-column elementor-col-100 elementor-top-column elementor-element elementor-element-25d3274\" data-id=\"25d3274\" data-element_type=\"column\" data-e-type=\"column\">\n\t\t\t<div class=\"elementor-widget-wrap elementor-element-populated\">\n\t\t\t\t\t\t<div class=\"elementor-element elementor-element-179ceff elementor-widget elementor-widget-image\" data-id=\"179ceff\" data-element_type=\"widget\" data-e-type=\"widget\" data-widget_type=\"image.default\">\n\t\t\t\t<div class=\"elementor-widget-container\">\n\t\t\t\t\t\t\t\t\t\t\t\t\t\t\t<img fetchpriority=\"high\" decoding=\"async\" width=\"960\" height=\"939\" src=\"https:\/\/ascofafi.com\/wp-content\/uploads\/2024\/10\/Primer-Encuentro-Nodo-Suroccidente-2024_24-25octubre.jpg\" class=\"attachment-large size-large wp-image-1163\" alt=\"\" srcset=\"https:\/\/ascofafi.com\/wp-content\/uploads\/2024\/10\/Primer-Encuentro-Nodo-Suroccidente-2024_24-25octubre.jpg 960w, https:\/\/ascofafi.com\/wp-content\/uploads\/2024\/10\/Primer-Encuentro-Nodo-Suroccidente-2024_24-25octubre-300x293.jpg 300w, https:\/\/ascofafi.com\/wp-content\/uploads\/2024\/10\/Primer-Encuentro-Nodo-Suroccidente-2024_24-25octubre-768x751.jpg 768w\" sizes=\"(max-width: 960px) 100vw, 960px\" \/>\t\t\t\t\t\t\t\t\t\t\t\t\t\t\t<\/div>\n\t\t\t\t<\/div>\n\t\t\t\t\t<\/div>\n\t\t<\/div>\n\t\t\t\t\t<\/div>\n\t\t<\/section>\n\t\t\t\t<section class=\"elementor-section elementor-top-section elementor-element elementor-element-9a6d066 elementor-section-boxed elementor-section-height-default elementor-section-height-default\" data-id=\"9a6d066\" data-element_type=\"section\" data-e-type=\"section\">\n\t\t\t\t\t\t<div class=\"elementor-container elementor-column-gap-default\">\n\t\t\t\t\t<div class=\"elementor-column elementor-col-100 elementor-top-column elementor-element elementor-element-be630ef\" data-id=\"be630ef\" data-element_type=\"column\" data-e-type=\"column\">\n\t\t\t<div class=\"elementor-widget-wrap elementor-element-populated\">\n\t\t\t\t\t\t<div class=\"elementor-element elementor-element-287bbc0 elementor-widget elementor-widget-text-editor\" data-id=\"287bbc0\" data-element_type=\"widget\" data-e-type=\"widget\" data-widget_type=\"text-editor.default\">\n\t\t\t\t<div class=\"elementor-widget-container\">\n\t\t\t\t\t\t\t\t\t<p>Esta iniciativa acad\u00e9mica promueve la construcci\u00f3n de conocimiento conjunto en torno al fortalecimiento de la fisioterapia, a trav\u00e9s de talleres en las diferentes sedes de las Universidades en las ciudades de Cali y Palmira.<\/p><p>Adem\u00e1s de favorecer\u00a0la movilidad entrante y saliente de todos los programas del Nodo, se visibilizan las acciones regionales creando estrategias para el cumplimiento de los est\u00e1ndares de calidad de los programas.<\/p><p>Este evento certifica la participaci\u00f3n\u00a0de cada taller y reuniones para la proyecci\u00f3n de propuestas de trabajo desde proyecci\u00f3n social, investigaci\u00f3n y la academia para los futuros productos que beneficien a las comunidades acad\u00e9micas de los programas del Nodo Suroccidente.<\/p>\t\t\t\t\t\t\t\t<\/div>\n\t\t\t\t<\/div>\n\t\t\t\t\t<\/div>\n\t\t<\/div>\n\t\t\t\t\t<\/div>\n\t\t<\/section>\n\t\t\t\t<section class=\"elementor-section elementor-top-section elementor-element elementor-element-4776489 elementor-section-boxed elementor-section-height-default elementor-section-height-default\" data-id=\"4776489\" data-element_type=\"section\" data-e-type=\"section\">\n\t\t\t\t\t\t<div class=\"elementor-container elementor-column-gap-default\">\n\t\t\t\t\t<div class=\"elementor-column elementor-col-100 elementor-top-column elementor-element elementor-element-356e39e\" data-id=\"356e39e\" data-element_type=\"column\" data-e-type=\"column\">\n\t\t\t<div class=\"elementor-widget-wrap elementor-element-populated\">\n\t\t\t\t\t\t<div class=\"elementor-element elementor-element-799c231 elementor-widget elementor-widget-image\" data-id=\"799c231\" data-element_type=\"widget\" data-e-type=\"widget\" data-widget_type=\"image.default\">\n\t\t\t\t<div class=\"elementor-widget-container\">\n\t\t\t\t\t\t\t\t\t\t\t\t\t\t\t<img decoding=\"async\" width=\"922\" height=\"1024\" src=\"https:\/\/ascofafi.com\/wp-content\/uploads\/2023\/03\/186-POST-RRSS-IX-ENCUENTRO-DE-DOCENTES-922x1024.png\" class=\"attachment-large size-large wp-image-721\" alt=\"Banner convocatoria IX encuentro de docentes ASCOFAFI a\u00f1o 2023\" srcset=\"https:\/\/ascofafi.com\/wp-content\/uploads\/2023\/03\/186-POST-RRSS-IX-ENCUENTRO-DE-DOCENTES-922x1024.png 922w, https:\/\/ascofafi.com\/wp-content\/uploads\/2023\/03\/186-POST-RRSS-IX-ENCUENTRO-DE-DOCENTES-270x300.png 270w, https:\/\/ascofafi.com\/wp-content\/uploads\/2023\/03\/186-POST-RRSS-IX-ENCUENTRO-DE-DOCENTES-768x853.png 768w, https:\/\/ascofafi.com\/wp-content\/uploads\/2023\/03\/186-POST-RRSS-IX-ENCUENTRO-DE-DOCENTES.png 1080w\" sizes=\"(max-width: 922px) 100vw, 922px\" \/>\t\t\t\t\t\t\t\t\t\t\t\t\t\t\t<\/div>\n\t\t\t\t<\/div>\n\t\t\t\t\t<\/div>\n\t\t<\/div>\n\t\t\t\t\t<\/div>\n\t\t<\/section>\n\t\t\t\t<section class=\"elementor-section elementor-top-section elementor-element elementor-element-c4e770c elementor-section-boxed elementor-section-height-default elementor-section-height-default\" data-id=\"c4e770c\" data-element_type=\"section\" data-e-type=\"section\">\n\t\t\t\t\t\t<div class=\"elementor-container elementor-column-gap-default\">\n\t\t\t\t\t<div class=\"elementor-column elementor-col-100 elementor-top-column elementor-element elementor-element-4910345\" data-id=\"4910345\" data-element_type=\"column\" data-e-type=\"column\">\n\t\t\t<div class=\"elementor-widget-wrap elementor-element-populated\">\n\t\t\t\t\t\t<div class=\"elementor-element elementor-element-cc4f1fa elementor-widget elementor-widget-image-gallery\" data-id=\"cc4f1fa\" data-element_type=\"widget\" data-e-type=\"widget\" data-widget_type=\"image-gallery.default\">\n\t\t\t\t<div class=\"elementor-widget-container\">\n\t\t\t\t\t\t\t<div class=\"elementor-image-gallery\">\n\t\t\t<div id='gallery-5' class='gallery galleryid-270 gallery-columns-4 gallery-size-thumbnail'><figure class='gallery-item'>\n\t\t\t<div class='gallery-icon portrait'>\n\t\t\t\t<a data-elementor-open-lightbox=\"yes\" data-elementor-lightbox-slideshow=\"cc4f1fa\" data-elementor-lightbox-title=\"187 PROGRAMA IX ENCUENTRO DE DOCENTES.ai (2)_page-0001\" data-e-action-hash=\"#elementor-action%3Aaction%3Dlightbox%26settings%3DeyJpZCI6NzI4LCJ1cmwiOiJodHRwczpcL1wvYXNjb2ZhZmkuY29tXC93cC1jb250ZW50XC91cGxvYWRzXC8yMDIzXC8wM1wvMTg3LVBST0dSQU1BLUlYLUVOQ1VFTlRSTy1ERS1ET0NFTlRFUy5haS0yX3BhZ2UtMDAwMS5qcGciLCJzbGlkZXNob3ciOiJjYzRmMWZhIn0%3D\" href='https:\/\/ascofafi.com\/wp-content\/uploads\/2023\/03\/187-PROGRAMA-IX-ENCUENTRO-DE-DOCENTES.ai-2_page-0001.jpg'><img decoding=\"async\" width=\"150\" height=\"150\" src=\"https:\/\/ascofafi.com\/wp-content\/uploads\/2023\/03\/187-PROGRAMA-IX-ENCUENTRO-DE-DOCENTES.ai-2_page-0001-150x150.jpg\" class=\"attachment-thumbnail size-thumbnail\" alt=\"\" \/><\/a>\n\t\t\t<\/div><\/figure><figure class='gallery-item'>\n\t\t\t<div class='gallery-icon portrait'>\n\t\t\t\t<a data-elementor-open-lightbox=\"yes\" data-elementor-lightbox-slideshow=\"cc4f1fa\" data-elementor-lightbox-title=\"187 PROGRAMA IX ENCUENTRO DE DOCENTES.ai (2)_page-0002\" data-e-action-hash=\"#elementor-action%3Aaction%3Dlightbox%26settings%3DeyJpZCI6NzI5LCJ1cmwiOiJodHRwczpcL1wvYXNjb2ZhZmkuY29tXC93cC1jb250ZW50XC91cGxvYWRzXC8yMDIzXC8wM1wvMTg3LVBST0dSQU1BLUlYLUVOQ1VFTlRSTy1ERS1ET0NFTlRFUy5haS0yX3BhZ2UtMDAwMi5qcGciLCJzbGlkZXNob3ciOiJjYzRmMWZhIn0%3D\" href='https:\/\/ascofafi.com\/wp-content\/uploads\/2023\/03\/187-PROGRAMA-IX-ENCUENTRO-DE-DOCENTES.ai-2_page-0002.jpg'><img loading=\"lazy\" decoding=\"async\" width=\"150\" height=\"150\" src=\"https:\/\/ascofafi.com\/wp-content\/uploads\/2023\/03\/187-PROGRAMA-IX-ENCUENTRO-DE-DOCENTES.ai-2_page-0002-150x150.jpg\" class=\"attachment-thumbnail size-thumbnail\" alt=\"\" \/><\/a>\n\t\t\t<\/div><\/figure><figure class='gallery-item'>\n\t\t\t<div class='gallery-icon portrait'>\n\t\t\t\t<a data-elementor-open-lightbox=\"yes\" data-elementor-lightbox-slideshow=\"cc4f1fa\" data-elementor-lightbox-title=\"187 PROGRAMA IX ENCUENTRO DE DOCENTES.ai (2)_page-0003\" data-e-action-hash=\"#elementor-action%3Aaction%3Dlightbox%26settings%3DeyJpZCI6NzMwLCJ1cmwiOiJodHRwczpcL1wvYXNjb2ZhZmkuY29tXC93cC1jb250ZW50XC91cGxvYWRzXC8yMDIzXC8wM1wvMTg3LVBST0dSQU1BLUlYLUVOQ1VFTlRSTy1ERS1ET0NFTlRFUy5haS0yX3BhZ2UtMDAwMy5qcGciLCJzbGlkZXNob3ciOiJjYzRmMWZhIn0%3D\" href='https:\/\/ascofafi.com\/wp-content\/uploads\/2023\/03\/187-PROGRAMA-IX-ENCUENTRO-DE-DOCENTES.ai-2_page-0003.jpg'><img loading=\"lazy\" decoding=\"async\" width=\"150\" height=\"150\" src=\"https:\/\/ascofafi.com\/wp-content\/uploads\/2023\/03\/187-PROGRAMA-IX-ENCUENTRO-DE-DOCENTES.ai-2_page-0003-150x150.jpg\" class=\"attachment-thumbnail size-thumbnail\" alt=\"\" \/><\/a>\n\t\t\t<\/div><\/figure><figure class='gallery-item'>\n\t\t\t<div class='gallery-icon portrait'>\n\t\t\t\t<a data-elementor-open-lightbox=\"yes\" data-elementor-lightbox-slideshow=\"cc4f1fa\" data-elementor-lightbox-title=\"187 PROGRAMA IX ENCUENTRO DE DOCENTES.ai (2)_page-0004\" data-e-action-hash=\"#elementor-action%3Aaction%3Dlightbox%26settings%3DeyJpZCI6NzMxLCJ1cmwiOiJodHRwczpcL1wvYXNjb2ZhZmkuY29tXC93cC1jb250ZW50XC91cGxvYWRzXC8yMDIzXC8wM1wvMTg3LVBST0dSQU1BLUlYLUVOQ1VFTlRSTy1ERS1ET0NFTlRFUy5haS0yX3BhZ2UtMDAwNC5qcGciLCJzbGlkZXNob3ciOiJjYzRmMWZhIn0%3D\" href='https:\/\/ascofafi.com\/wp-content\/uploads\/2023\/03\/187-PROGRAMA-IX-ENCUENTRO-DE-DOCENTES.ai-2_page-0004.jpg'><img loading=\"lazy\" decoding=\"async\" width=\"150\" height=\"150\" src=\"https:\/\/ascofafi.com\/wp-content\/uploads\/2023\/03\/187-PROGRAMA-IX-ENCUENTRO-DE-DOCENTES.ai-2_page-0004-150x150.jpg\" class=\"attachment-thumbnail size-thumbnail\" alt=\"\" \/><\/a>\n\t\t\t<\/div><\/figure>\n\t\t<\/div>\n\t\t<\/div>\n\t\t\t\t\t\t<\/div>\n\t\t\t\t<\/div>\n\t\t\t\t\t<\/div>\n\t\t<\/div>\n\t\t\t\t\t<\/div>\n\t\t<\/section>\n\t\t\t\t<section class=\"elementor-section elementor-top-section elementor-element elementor-element-3f27de0 elementor-section-boxed elementor-section-height-default elementor-section-height-default\" data-id=\"3f27de0\" data-element_type=\"section\" data-e-type=\"section\">\n\t\t\t\t\t\t<div class=\"elementor-container elementor-column-gap-default\">\n\t\t\t\t\t<div class=\"elementor-column elementor-col-100 elementor-top-column elementor-element elementor-element-626619f\" data-id=\"626619f\" data-element_type=\"column\" data-e-type=\"column\">\n\t\t\t<div class=\"elementor-widget-wrap elementor-element-populated\">\n\t\t\t\t\t\t<div class=\"elementor-element elementor-element-4c40e71 elementor-widget elementor-widget-image\" data-id=\"4c40e71\" data-element_type=\"widget\" data-e-type=\"widget\" data-widget_type=\"image.default\">\n\t\t\t\t<div class=\"elementor-widget-container\">\n\t\t\t\t\t\t\t\t\t\t\t\t\t\t\t<img loading=\"lazy\" decoding=\"async\" width=\"1024\" height=\"724\" src=\"https:\/\/ascofafi.com\/wp-content\/uploads\/2023\/03\/Inscripcion-encuentro-1024x724.png\" class=\"attachment-large size-large wp-image-783\" alt=\"\" srcset=\"https:\/\/ascofafi.com\/wp-content\/uploads\/2023\/03\/Inscripcion-encuentro-1024x724.png 1024w, https:\/\/ascofafi.com\/wp-content\/uploads\/2023\/03\/Inscripcion-encuentro-300x212.png 300w, https:\/\/ascofafi.com\/wp-content\/uploads\/2023\/03\/Inscripcion-encuentro-768x543.png 768w, https:\/\/ascofafi.com\/wp-content\/uploads\/2023\/03\/Inscripcion-encuentro-1536x1086.png 1536w, https:\/\/ascofafi.com\/wp-content\/uploads\/2023\/03\/Inscripcion-encuentro.png 2000w\" sizes=\"(max-width: 1024px) 100vw, 1024px\" \/>\t\t\t\t\t\t\t\t\t\t\t\t\t\t\t<\/div>\n\t\t\t\t<\/div>\n\t\t\t\t\t<\/div>\n\t\t<\/div>\n\t\t\t\t\t<\/div>\n\t\t<\/section>\n\t\t\t\t<section class=\"elementor-section elementor-top-section elementor-element elementor-element-d510ff8 elementor-section-boxed elementor-section-height-default elementor-section-height-default\" data-id=\"d510ff8\" data-element_type=\"section\" data-e-type=\"section\">\n\t\t\t\t\t\t<div class=\"elementor-container elementor-column-gap-default\">\n\t\t\t\t\t<div class=\"elementor-column elementor-col-100 elementor-top-column elementor-element elementor-element-f7e79c5\" data-id=\"f7e79c5\" data-element_type=\"column\" data-e-type=\"column\">\n\t\t\t<div class=\"elementor-widget-wrap elementor-element-populated\">\n\t\t\t\t\t\t<div class=\"elementor-element elementor-element-cf9dfc4 elementor-widget elementor-widget-text-editor\" data-id=\"cf9dfc4\" data-element_type=\"widget\" data-e-type=\"widget\" data-widget_type=\"text-editor.default\">\n\t\t\t\t<div class=\"elementor-widget-container\">\n\t\t\t\t\t\t\t\t\t<p>En el marco del IX Encuentro Nacional de Docentes de Fisioterapia, evento que se llevar\u00e1 a cabo el 28 y 29 de abril del a\u00f1o en curso. Se publican a continuaci\u00f3n, los datos para el proceso de inscripci\u00f3n y los documento de t\u00e9rminos para la participaci\u00f3n.<\/p><p>\u00a0<\/p><p><a href=\"https:\/\/docs.google.com\/forms\/d\/e\/1FAIpQLSfWZNUu9r7wGXaQ1dS-BROgvY8EXz8UypVrmx0w7kXAWPFbUg\/viewform\" target=\"_blank\" rel=\"noopener\">ENLACE al formulario<\/a><\/p>\t\t\t\t\t\t\t\t<\/div>\n\t\t\t\t<\/div>\n\t\t\t\t\t<\/div>\n\t\t<\/div>\n\t\t\t\t\t<\/div>\n\t\t<\/section>\n\t\t\t\t<\/div>\n\t\t","protected":false},"excerpt":{"rendered":"<p>Esta iniciativa acad\u00e9mica promueve la construcci\u00f3n de conocimiento conjunto en torno al fortalecimiento de la fisioterapia, a trav\u00e9s de talleres en las diferentes sedes de las Universidades en las ciudades de Cali y Palmira. Adem\u00e1s de favorecer\u00a0la movilidad entrante y saliente de todos los programas del Nodo, se visibilizan las acciones regionales creando estrategias para [&hellip;]<\/p>\n","protected":false},"author":1,"featured_media":0,"parent":257,"menu_order":0,"comment_status":"closed","ping_status":"closed","template":"","meta":{"om_disable_all_campaigns":false,"_monsterinsights_skip_tracking":false,"_monsterinsights_sitenote_active":false,"_monsterinsights_sitenote_note":"","_monsterinsights_sitenote_category":0,"footnotes":""},"class_list":["post-270","page","type-page","status-publish","hentry","wpbf-post"],"aioseo_notices":[],"_links":{"self":[{"href":"https:\/\/ascofafi.com\/index.php?rest_route=\/wp\/v2\/pages\/270","targetHints":{"allow":["GET"]}}],"collection":[{"href":"https:\/\/ascofafi.com\/index.php?rest_route=\/wp\/v2\/pages"}],"about":[{"href":"https:\/\/ascofafi.com\/index.php?rest_route=\/wp\/v2\/types\/page"}],"author":[{"embeddable":true,"href":"https:\/\/ascofafi.com\/index.php?rest_route=\/wp\/v2\/users\/1"}],"replies":[{"embeddable":true,"href":"https:\/\/ascofafi.com\/index.php?rest_route=%2Fwp%2Fv2%2Fcomments&post=270"}],"version-history":[{"count":26,"href":"https:\/\/ascofafi.com\/index.php?rest_route=\/wp\/v2\/pages\/270\/revisions"}],"predecessor-version":[{"id":1166,"href":"https:\/\/ascofafi.com\/index.php?rest_route=\/wp\/v2\/pages\/270\/revisions\/1166"}],"up":[{"embeddable":true,"href":"https:\/\/ascofafi.com\/index.php?rest_route=\/wp\/v2\/pages\/257"}],"wp:attachment":[{"href":"https:\/\/ascofafi.com\/index.php?rest_route=%2Fwp%2Fv2%2Fmedia&parent=270"}],"curies":[{"name":"wp","href":"https:\/\/api.w.org\/{rel}","templated":true}]}}