{"id":272,"date":"2022-09-18T14:33:25","date_gmt":"2022-09-18T14:33:25","guid":{"rendered":"https:\/\/ascofafi.com\/?page_id=272"},"modified":"2024-08-23T01:45:20","modified_gmt":"2024-08-23T01:45:20","slug":"premios-en-investigacion","status":"publish","type":"page","link":"https:\/\/ascofafi.com\/?page_id=272","title":{"rendered":"Concursos y premios"},"content":{"rendered":"\t\t<div data-elementor-type=\"wp-page\" data-elementor-id=\"272\" class=\"elementor elementor-272\">\n\t\t\t\t\t\t<section class=\"elementor-section elementor-top-section elementor-element elementor-element-181cd26b elementor-section-boxed elementor-section-height-default elementor-section-height-default\" data-id=\"181cd26b\" data-element_type=\"section\" data-e-type=\"section\">\n\t\t\t\t\t\t<div class=\"elementor-container elementor-column-gap-default\">\n\t\t\t\t\t<div class=\"elementor-column elementor-col-100 elementor-top-column elementor-element elementor-element-39672003\" data-id=\"39672003\" data-element_type=\"column\" data-e-type=\"column\">\n\t\t\t<div class=\"elementor-widget-wrap elementor-element-populated\">\n\t\t\t\t\t\t<div class=\"elementor-element elementor-element-7c85e6a9 elementor-widget elementor-widget-text-editor\" data-id=\"7c85e6a9\" data-element_type=\"widget\" data-e-type=\"widget\" data-widget_type=\"text-editor.default\">\n\t\t\t\t<div class=\"elementor-widget-container\">\n\t\t\t\t\t\t\t\t\t<p><a style=\"font-family: Helvetica, Arial, sans-serif; font-size: 24px; font-weight: bold; background-color: #ffffff;\" href=\"https:\/\/ascofafi.com\/?page_id=813\">D\u00eda mundial de la fisioterapia 2023<\/a><\/p><p>Se presentan a continuaci\u00f3n, los postulados al Concurso de Videos Educativos en el d\u00eda Mundial de la Fisioterapia. Agradecemos a cada una de las instituciones participantes, por sus interesantes propuestas y por el inter\u00e9s en participar resaltando las acciones que desde la academia, contribuyen a la construcci\u00f3n de la fisioterapia en nuestro pa\u00eds.<\/p><p><a tabindex=\"-1\" href=\"https:\/\/ascofafi.com\/?page_id=6\">\u00a0<\/a><\/p><h3><a href=\"https:\/\/ascofafi.com\/?page_id=6\"><br \/>D\u00eda mundial de la fisioterapia 2022 <\/a><\/h3><p>Premiaci\u00f3n Concurso de Videos Educativos en el d\u00eda Mundial de la Fisioterapia<br \/>Felicitamos a los ganadores y agradecemos a cada una de las instituciones participantes, por sus interesantes propuestas y por el inter\u00e9s en participar resaltando las acciones que desde la academia, contribuyen a la construcci\u00f3n de la fisioterapia en nuestro pa\u00eds.<\/p>\t\t\t\t\t\t\t\t<\/div>\n\t\t\t\t<\/div>\n\t\t\t\t\t<\/div>\n\t\t<\/div>\n\t\t\t\t\t<\/div>\n\t\t<\/section>\n\t\t\t\t<\/div>\n\t\t","protected":false},"excerpt":{"rendered":"<p>D\u00eda mundial de la fisioterapia 2023 Se presentan a continuaci\u00f3n, los postulados al Concurso de Videos Educativos en el d\u00eda Mundial de la Fisioterapia. Agradecemos a cada una de las instituciones participantes, por sus interesantes propuestas y por el inter\u00e9s en participar resaltando las acciones que desde la academia, contribuyen a la construcci\u00f3n de la [&hellip;]<\/p>\n","protected":false},"author":1,"featured_media":0,"parent":257,"menu_order":0,"comment_status":"closed","ping_status":"closed","template":"","meta":{"om_disable_all_campaigns":false,"_monsterinsights_skip_tracking":false,"_monsterinsights_sitenote_active":false,"_monsterinsights_sitenote_note":"","_monsterinsights_sitenote_category":0,"footnotes":""},"class_list":["post-272","page","type-page","status-publish","hentry","wpbf-post"],"aioseo_notices":[],"_links":{"self":[{"href":"https:\/\/ascofafi.com\/index.php?rest_route=\/wp\/v2\/pages\/272","targetHints":{"allow":["GET"]}}],"collection":[{"href":"https:\/\/ascofafi.com\/index.php?rest_route=\/wp\/v2\/pages"}],"about":[{"href":"https:\/\/ascofafi.com\/index.php?rest_route=\/wp\/v2\/types\/page"}],"author":[{"embeddable":true,"href":"https:\/\/ascofafi.com\/index.php?rest_route=\/wp\/v2\/users\/1"}],"replies":[{"embeddable":true,"href":"https:\/\/ascofafi.com\/index.php?rest_route=%2Fwp%2Fv2%2Fcomments&post=272"}],"version-history":[{"count":19,"href":"https:\/\/ascofafi.com\/index.php?rest_route=\/wp\/v2\/pages\/272\/revisions"}],"predecessor-version":[{"id":1021,"href":"https:\/\/ascofafi.com\/index.php?rest_route=\/wp\/v2\/pages\/272\/revisions\/1021"}],"up":[{"embeddable":true,"href":"https:\/\/ascofafi.com\/index.php?rest_route=\/wp\/v2\/pages\/257"}],"wp:attachment":[{"href":"https:\/\/ascofafi.com\/index.php?rest_route=%2Fwp%2Fv2%2Fmedia&parent=272"}],"curies":[{"name":"wp","href":"https:\/\/api.w.org\/{rel}","templated":true}]}}