{"id":279,"date":"2022-09-18T14:36:58","date_gmt":"2022-09-18T14:36:58","guid":{"rendered":"https:\/\/ascofafi.com\/?page_id=279"},"modified":"2025-10-21T20:52:48","modified_gmt":"2025-10-21T20:52:48","slug":"facultades-afiliadas","status":"publish","type":"page","link":"https:\/\/ascofafi.com\/?page_id=279","title":{"rendered":"Facultades afiliadas"},"content":{"rendered":"\t\t<div data-elementor-type=\"wp-page\" data-elementor-id=\"279\" class=\"elementor elementor-279\">\n\t\t\t\t\t\t<section class=\"elementor-section elementor-top-section elementor-element elementor-element-3961cc3 elementor-section-boxed elementor-section-height-default elementor-section-height-default\" data-id=\"3961cc3\" data-element_type=\"section\" data-e-type=\"section\">\n\t\t\t\t\t\t<div class=\"elementor-container elementor-column-gap-default\">\n\t\t\t\t\t<div class=\"elementor-column elementor-col-100 elementor-top-column elementor-element elementor-element-2b87f3f\" data-id=\"2b87f3f\" data-element_type=\"column\" data-e-type=\"column\">\n\t\t\t<div class=\"elementor-widget-wrap elementor-element-populated\">\n\t\t\t\t\t\t<div class=\"elementor-element elementor-element-ad37a30 elementor-arrows-position-inside elementor-pagination-position-outside elementor-widget elementor-widget-image-carousel\" data-id=\"ad37a30\" data-element_type=\"widget\" data-e-type=\"widget\" data-settings=\"{&quot;slides_to_show&quot;:&quot;1&quot;,&quot;navigation&quot;:&quot;both&quot;,&quot;autoplay&quot;:&quot;yes&quot;,&quot;pause_on_hover&quot;:&quot;yes&quot;,&quot;pause_on_interaction&quot;:&quot;yes&quot;,&quot;autoplay_speed&quot;:5000,&quot;infinite&quot;:&quot;yes&quot;,&quot;effect&quot;:&quot;slide&quot;,&quot;speed&quot;:500}\" data-widget_type=\"image-carousel.default\">\n\t\t\t\t<div class=\"elementor-widget-container\">\n\t\t\t\t\t\t\t<div class=\"elementor-image-carousel-wrapper swiper\" role=\"region\" aria-roledescription=\"carousel\" aria-label=\"Carrusel de im\u00e1genes\" dir=\"ltr\">\n\t\t\t<div class=\"elementor-image-carousel swiper-wrapper\" aria-live=\"off\">\n\t\t\t\t\t\t\t\t<div class=\"swiper-slide\" role=\"group\" aria-roledescription=\"slide\" aria-label=\"1 de 11\"><figure class=\"swiper-slide-inner\"><img decoding=\"async\" class=\"swiper-slide-image\" src=\"https:\/\/ascofafi.com\/wp-content\/uploads\/2025\/04\/WhatsApp-Image-2025-04-28-at-11.00.57-AM-1-768x427.jpeg\" alt=\"WhatsApp Image 2025-04-28 at 11.00.57 AM (1)\" \/><\/figure><\/div><div class=\"swiper-slide\" role=\"group\" aria-roledescription=\"slide\" aria-label=\"2 de 11\"><figure class=\"swiper-slide-inner\"><img decoding=\"async\" class=\"swiper-slide-image\" src=\"https:\/\/ascofafi.com\/wp-content\/uploads\/2025\/04\/WhatsApp-Image-2025-04-07-at-11.27.41-AM-1-768x432.jpeg\" alt=\"WhatsApp Image 2025-04-07 at 11.27.41 AM (1)\" \/><\/figure><\/div><div class=\"swiper-slide\" role=\"group\" aria-roledescription=\"slide\" aria-label=\"3 de 11\"><figure class=\"swiper-slide-inner\"><img decoding=\"async\" class=\"swiper-slide-image\" src=\"https:\/\/ascofafi.com\/wp-content\/uploads\/2025\/04\/WhatsApp-Image-2025-04-07-at-11.26.15-AM-768x432.jpeg\" alt=\"WhatsApp Image 2025-04-07 at 11.26.15 AM\" \/><\/figure><\/div><div class=\"swiper-slide\" role=\"group\" aria-roledescription=\"slide\" aria-label=\"4 de 11\"><figure class=\"swiper-slide-inner\"><img decoding=\"async\" class=\"swiper-slide-image\" src=\"https:\/\/ascofafi.com\/wp-content\/uploads\/2025\/04\/WhatsApp-Image-2025-04-28-at-11.00.58-AM-1-768x432.jpeg\" alt=\"WhatsApp Image 2025-04-28 at 11.00.58 AM (1)\" \/><\/figure><\/div><div class=\"swiper-slide\" role=\"group\" aria-roledescription=\"slide\" aria-label=\"5 de 11\"><figure class=\"swiper-slide-inner\"><img decoding=\"async\" class=\"swiper-slide-image\" src=\"https:\/\/ascofafi.com\/wp-content\/uploads\/2025\/04\/WhatsApp-Image-2025-04-28-at-11.00.58-AM-2-768x432.jpeg\" alt=\"WhatsApp Image 2025-04-28 at 11.00.58 AM (2)\" \/><\/figure><\/div><div class=\"swiper-slide\" role=\"group\" aria-roledescription=\"slide\" aria-label=\"6 de 11\"><figure class=\"swiper-slide-inner\"><img decoding=\"async\" class=\"swiper-slide-image\" src=\"https:\/\/ascofafi.com\/wp-content\/uploads\/2025\/04\/WhatsApp-Image-2025-04-28-at-11.00.58-AM-3-768x432.jpeg\" alt=\"WhatsApp Image 2025-04-28 at 11.00.58 AM (3)\" \/><\/figure><\/div><div class=\"swiper-slide\" role=\"group\" aria-roledescription=\"slide\" aria-label=\"7 de 11\"><figure class=\"swiper-slide-inner\"><img decoding=\"async\" class=\"swiper-slide-image\" src=\"https:\/\/ascofafi.com\/wp-content\/uploads\/2025\/04\/WhatsApp-Image-2025-04-28-at-11.00.58-AM-4-768x432.jpeg\" alt=\"WhatsApp Image 2025-04-28 at 11.00.58 AM (4)\" \/><\/figure><\/div><div class=\"swiper-slide\" role=\"group\" aria-roledescription=\"slide\" aria-label=\"8 de 11\"><figure class=\"swiper-slide-inner\"><img decoding=\"async\" class=\"swiper-slide-image\" src=\"https:\/\/ascofafi.com\/wp-content\/uploads\/2025\/04\/WhatsApp-Image-2025-04-07-at-11.26.18-AM-768x432.jpeg\" alt=\"WhatsApp Image 2025-04-07 at 11.26.18 AM\" \/><\/figure><\/div><div class=\"swiper-slide\" role=\"group\" aria-roledescription=\"slide\" aria-label=\"9 de 11\"><figure class=\"swiper-slide-inner\"><img decoding=\"async\" class=\"swiper-slide-image\" src=\"https:\/\/ascofafi.com\/wp-content\/uploads\/2025\/04\/WhatsApp-Image-2025-04-28-at-11.00.58-AM-768x432.jpeg\" alt=\"WhatsApp Image 2025-04-28 at 11.00.58 AM\" \/><\/figure><\/div><div class=\"swiper-slide\" role=\"group\" aria-roledescription=\"slide\" aria-label=\"10 de 11\"><figure class=\"swiper-slide-inner\"><img decoding=\"async\" class=\"swiper-slide-image\" src=\"https:\/\/ascofafi.com\/wp-content\/uploads\/2025\/04\/WhatsApp-Image-2025-04-28-at-11.00.56-AM-768x362.jpeg\" alt=\"WhatsApp Image 2025-04-28 at 11.00.56 AM\" \/><\/figure><\/div><div class=\"swiper-slide\" role=\"group\" aria-roledescription=\"slide\" aria-label=\"11 de 11\"><figure class=\"swiper-slide-inner\"><img decoding=\"async\" class=\"swiper-slide-image\" src=\"https:\/\/ascofafi.com\/wp-content\/uploads\/2025\/04\/WhatsApp-Image-2025-04-07-at-11.26.17-AM-4-1-768x465.jpeg\" alt=\"WhatsApp Image 2025-04-07 at 11.26.17 AM (4)\" \/><\/figure><\/div>\t\t\t<\/div>\n\t\t\t\t\t\t\t\t\t\t\t\t<div class=\"elementor-swiper-button elementor-swiper-button-prev\" role=\"button\" tabindex=\"0\">\n\t\t\t\t\t\t<i aria-hidden=\"true\" class=\"eicon-chevron-left\"><\/i>\t\t\t\t\t<\/div>\n\t\t\t\t\t<div class=\"elementor-swiper-button elementor-swiper-button-next\" role=\"button\" tabindex=\"0\">\n\t\t\t\t\t\t<i aria-hidden=\"true\" class=\"eicon-chevron-right\"><\/i>\t\t\t\t\t<\/div>\n\t\t\t\t\n\t\t\t\t\t\t\t\t\t<div class=\"swiper-pagination\"><\/div>\n\t\t\t\t\t\t\t\t\t<\/div>\n\t\t\t\t\t\t<\/div>\n\t\t\t\t<\/div>\n\t\t\t\t\t<\/div>\n\t\t<\/div>\n\t\t\t\t\t<\/div>\n\t\t<\/section>\n\t\t\t\t<section class=\"elementor-section elementor-top-section elementor-element elementor-element-99d71dc elementor-section-boxed elementor-section-height-default elementor-section-height-default\" data-id=\"99d71dc\" data-element_type=\"section\" data-e-type=\"section\">\n\t\t\t\t\t\t<div class=\"elementor-container elementor-column-gap-default\">\n\t\t\t\t\t<div class=\"elementor-column elementor-col-100 elementor-top-column elementor-element elementor-element-1df2979\" data-id=\"1df2979\" data-element_type=\"column\" data-e-type=\"column\">\n\t\t\t<div class=\"elementor-widget-wrap elementor-element-populated\">\n\t\t\t\t\t\t<div class=\"elementor-element elementor-element-918e541 elementor-widget elementor-widget-text-editor\" data-id=\"918e541\" data-element_type=\"widget\" data-e-type=\"widget\" data-widget_type=\"text-editor.default\">\n\t\t\t\t<div class=\"elementor-widget-container\">\n\t\t\t\t\t\t\t\t\t<p><b>Instituciones educativas miembros de ASCOFAFI<\/b><\/p><p><span style=\"font-weight: 400;\">Actualmente ASCOFAFI cuenta con 31 instituciones de educaci\u00f3n superior asociadas y agrupadas en 5 Nodos regionales<\/span><\/p>\t\t\t\t\t\t\t\t<\/div>\n\t\t\t\t<\/div>\n\t\t\t\t\t<\/div>\n\t\t<\/div>\n\t\t\t\t\t<\/div>\n\t\t<\/section>\n\t\t\t\t<section class=\"elementor-section elementor-top-section elementor-element elementor-element-e476b8b elementor-section-boxed elementor-section-height-default elementor-section-height-default\" data-id=\"e476b8b\" data-element_type=\"section\" data-e-type=\"section\">\n\t\t\t\t\t\t<div class=\"elementor-container elementor-column-gap-default\">\n\t\t\t\t\t<div class=\"elementor-column elementor-col-50 elementor-top-column elementor-element elementor-element-7415059\" data-id=\"7415059\" data-element_type=\"column\" data-e-type=\"column\">\n\t\t\t<div class=\"elementor-widget-wrap elementor-element-populated\">\n\t\t\t\t\t\t<div class=\"elementor-element elementor-element-4822f1f elementor-widget elementor-widget-text-editor\" data-id=\"4822f1f\" data-element_type=\"widget\" data-e-type=\"widget\" data-widget_type=\"text-editor.default\">\n\t\t\t\t<div class=\"elementor-widget-container\">\n\t\t\t\t\t\t\t\t\t<p><b style=\"color: var( --e-global-color-text ); font-family: var( --e-global-typography-text-font-family ), Sans-serif;\">NODO<\/b> <b style=\"color: var( --e-global-color-text ); font-family: var( --e-global-typography-text-font-family ), Sans-serif;\">CARIBE (<a href=\"https:\/\/ascofafi.com\/?page_id=620\" target=\"_blank\" rel=\"noopener\">ver m\u00e1s<\/a>)<\/b><\/p><p><span style=\"font-weight: 400;\">Universidad Sim\u00f3n Bol\u00edvar<\/span><\/p><p><span style=\"font-weight: 400;\">Universidad Metropolitana<\/span><\/p><p><span style=\"font-weight: 400;\">Universidad Libre<\/span><\/p><p><span style=\"font-weight: 400;\">Universidad San Buenaventura<\/span><\/p><p><span style=\"font-weight: 400;\">Corporaci\u00f3n Universitaria Antonio Jos\u00e9 de Sucre (Corposucre)<\/span><\/p><p><span style=\"font-weight: 400;\">Universidad del Sin\u00fa<\/span><\/p><p><span style=\"font-weight: 400;\">Universidad de Santander (UDES) sede Valledupar<\/span><\/p>\t\t\t\t\t\t\t\t<\/div>\n\t\t\t\t<\/div>\n\t\t\t\t\t<\/div>\n\t\t<\/div>\n\t\t\t\t<div class=\"elementor-column elementor-col-50 elementor-top-column elementor-element elementor-element-7ee69aa\" data-id=\"7ee69aa\" data-element_type=\"column\" data-e-type=\"column\">\n\t\t\t<div class=\"elementor-widget-wrap elementor-element-populated\">\n\t\t\t\t\t\t<div class=\"elementor-element elementor-element-188306b elementor-widget elementor-widget-html\" data-id=\"188306b\" data-element_type=\"widget\" data-e-type=\"widget\" data-widget_type=\"html.default\">\n\t\t\t\t<div class=\"elementor-widget-container\">\n\t\t\t\t\t<iframe src=\"https:\/\/www.google.com\/maps\/d\/u\/1\/embed?mid=1bB_uesSHJZ0XE2OWwTCTbtjSo6JTdXg&ehbc=2E312F&noprof=1\" width=\"640\" height=\"480\"><\/iframe>\t\t\t\t<\/div>\n\t\t\t\t<\/div>\n\t\t\t\t\t<\/div>\n\t\t<\/div>\n\t\t\t\t\t<\/div>\n\t\t<\/section>\n\t\t\t\t<section class=\"elementor-section elementor-top-section elementor-element elementor-element-15e0e0f elementor-section-boxed elementor-section-height-default elementor-section-height-default\" data-id=\"15e0e0f\" data-element_type=\"section\" data-e-type=\"section\">\n\t\t\t\t\t\t<div class=\"elementor-container elementor-column-gap-default\">\n\t\t\t\t\t<div class=\"elementor-column elementor-col-50 elementor-top-column elementor-element elementor-element-defdc46\" data-id=\"defdc46\" data-element_type=\"column\" data-e-type=\"column\">\n\t\t\t<div class=\"elementor-widget-wrap elementor-element-populated\">\n\t\t\t\t\t\t<div class=\"elementor-element elementor-element-3a8e7a0 elementor-widget elementor-widget-text-editor\" data-id=\"3a8e7a0\" data-element_type=\"widget\" data-e-type=\"widget\" data-widget_type=\"text-editor.default\">\n\t\t\t\t<div class=\"elementor-widget-container\">\n\t\t\t\t\t\t\t\t\t<p><b>NODO NORORIENTAL (<a href=\"https:\/\/ascofafi.com\/?page_id=626\" target=\"_blank\" rel=\"noopener\">ver m\u00e1s<\/a>)<\/b><\/p><p>Universidad Industrial de Santander<\/p><p>Universidad de Santander (UDES) sede Bucaramanga<\/p><p>Universidad de Santander (UDES) sede C\u00facuta<\/p><p>Universidad Manuela Beltr\u00e1n sede Bucaramanga<\/p><p>Universidad de Pamplona<\/p><p>Universidad Sim\u00f3n Bol\u00edvar Sede C\u00facuta<\/p>\t\t\t\t\t\t\t\t<\/div>\n\t\t\t\t<\/div>\n\t\t\t\t\t<\/div>\n\t\t<\/div>\n\t\t\t\t<div class=\"elementor-column elementor-col-50 elementor-top-column elementor-element elementor-element-8481f1d\" data-id=\"8481f1d\" data-element_type=\"column\" data-e-type=\"column\">\n\t\t\t<div class=\"elementor-widget-wrap elementor-element-populated\">\n\t\t\t\t\t\t<div class=\"elementor-element elementor-element-e686334 elementor-widget elementor-widget-html\" data-id=\"e686334\" data-element_type=\"widget\" data-e-type=\"widget\" data-widget_type=\"html.default\">\n\t\t\t\t<div class=\"elementor-widget-container\">\n\t\t\t\t\t<iframe src=\"https:\/\/www.google.com\/maps\/d\/u\/1\/embed?mid=1BJJiRRQccMHi-vb8Yap65JByQtjKi84&ehbc=2E312F&noprof=1\" width=\"640\" height=\"480\"><\/iframe>\t\t\t\t<\/div>\n\t\t\t\t<\/div>\n\t\t\t\t\t<\/div>\n\t\t<\/div>\n\t\t\t\t\t<\/div>\n\t\t<\/section>\n\t\t\t\t<section class=\"elementor-section elementor-top-section elementor-element elementor-element-c6b33e4 elementor-section-boxed elementor-section-height-default elementor-section-height-default\" data-id=\"c6b33e4\" data-element_type=\"section\" data-e-type=\"section\">\n\t\t\t\t\t\t<div class=\"elementor-container elementor-column-gap-default\">\n\t\t\t\t\t<div class=\"elementor-column elementor-col-50 elementor-top-column elementor-element elementor-element-5c3c254\" data-id=\"5c3c254\" data-element_type=\"column\" data-e-type=\"column\">\n\t\t\t<div class=\"elementor-widget-wrap elementor-element-populated\">\n\t\t\t\t\t\t<div class=\"elementor-element elementor-element-4bfa2cf elementor-widget elementor-widget-text-editor\" data-id=\"4bfa2cf\" data-element_type=\"widget\" data-e-type=\"widget\" data-widget_type=\"text-editor.default\">\n\t\t\t\t<div class=\"elementor-widget-container\">\n\t\t\t\t\t\t\t\t\t<p><b>NODO CENTRO (<a href=\"https:\/\/ascofafi.com\/?page_id=634\" target=\"_blank\" rel=\"noopener\">ver m\u00e1s<\/a>)<\/b><\/p>\n<p>Universidad Nacional de Colombia<\/p>\n<p>Universidad de La Sabana<\/p>\n<p>Corporaci\u00f3n Universitaria Iberoamericana<\/p>\n<p>Universidad Manuela Beltr\u00e1n sede Bogot\u00e1 D.C.<\/p>\n<p>Universidad del Rosario<\/p>\n<p>Escuela Colombiana de Rehabilitaci\u00f3n<\/p>\n<p>Universidad de Boyac\u00e1<\/p>\n<p>Fundaci\u00f3n Universitaria de Ciencias de la Salud- FUCS<\/p>\n<p>Universidad de los Llanos<\/p>\t\t\t\t\t\t\t\t<\/div>\n\t\t\t\t<\/div>\n\t\t\t\t\t<\/div>\n\t\t<\/div>\n\t\t\t\t<div class=\"elementor-column elementor-col-50 elementor-top-column elementor-element elementor-element-3ea1080\" data-id=\"3ea1080\" data-element_type=\"column\" data-e-type=\"column\">\n\t\t\t<div class=\"elementor-widget-wrap elementor-element-populated\">\n\t\t\t\t\t\t<div class=\"elementor-element elementor-element-9ae38cd elementor-widget elementor-widget-html\" data-id=\"9ae38cd\" data-element_type=\"widget\" data-e-type=\"widget\" data-widget_type=\"html.default\">\n\t\t\t\t<div class=\"elementor-widget-container\">\n\t\t\t\t\t<iframe src=\"https:\/\/www.google.com\/maps\/d\/u\/1\/embed?mid=1xGhTIy8t3Hypf5FAlo2fkUn9UahbAPw&ehbc=2E312F&noprof=1\" width=\"640\" height=\"480\"><\/iframe>\t\t\t\t<\/div>\n\t\t\t\t<\/div>\n\t\t\t\t\t<\/div>\n\t\t<\/div>\n\t\t\t\t\t<\/div>\n\t\t<\/section>\n\t\t\t\t<section class=\"elementor-section elementor-top-section elementor-element elementor-element-2142a57 elementor-section-boxed elementor-section-height-default elementor-section-height-default\" data-id=\"2142a57\" data-element_type=\"section\" data-e-type=\"section\">\n\t\t\t\t\t\t<div class=\"elementor-container elementor-column-gap-default\">\n\t\t\t\t\t<div class=\"elementor-column elementor-col-50 elementor-top-column elementor-element elementor-element-681ee60\" data-id=\"681ee60\" data-element_type=\"column\" data-e-type=\"column\">\n\t\t\t<div class=\"elementor-widget-wrap elementor-element-populated\">\n\t\t\t\t\t\t<div class=\"elementor-element elementor-element-8b24db1 elementor-widget elementor-widget-text-editor\" data-id=\"8b24db1\" data-element_type=\"widget\" data-e-type=\"widget\" data-widget_type=\"text-editor.default\">\n\t\t\t\t<div class=\"elementor-widget-container\">\n\t\t\t\t\t\t\t\t\t<p><b>NODO CAFETERO (<a href=\"https:\/\/ascofafi.com\/?page_id=639\" target=\"_blank\" rel=\"noopener\">ver m\u00e1s<\/a>)<\/b><\/p><p>Universidad CES sede Medell\u00edn<\/p><p>Fundaci\u00f3n Universitaria Mar\u00eda Cano sede Medell\u00edn<\/p><p>Universidad Aut\u00f3noma de Manizales<\/p><p>Fundaci\u00f3n Universitaria del \u00c1rea Andina seccional Pereira<\/p>\t\t\t\t\t\t\t\t<\/div>\n\t\t\t\t<\/div>\n\t\t\t\t\t<\/div>\n\t\t<\/div>\n\t\t\t\t<div class=\"elementor-column elementor-col-50 elementor-top-column elementor-element elementor-element-b608230\" data-id=\"b608230\" data-element_type=\"column\" data-e-type=\"column\">\n\t\t\t<div class=\"elementor-widget-wrap elementor-element-populated\">\n\t\t\t\t\t\t<div class=\"elementor-element elementor-element-9ebe46d elementor-widget elementor-widget-html\" data-id=\"9ebe46d\" data-element_type=\"widget\" data-e-type=\"widget\" data-widget_type=\"html.default\">\n\t\t\t\t<div class=\"elementor-widget-container\">\n\t\t\t\t\t<iframe src=\"https:\/\/www.google.com\/maps\/d\/u\/1\/embed?mid=1eQ855yf2Vju40v7GdY_hlQE7wbCXw_k&ehbc=2E312F&noprof=1\" width=\"640\" height=\"480\"><\/iframe>\t\t\t\t<\/div>\n\t\t\t\t<\/div>\n\t\t\t\t\t<\/div>\n\t\t<\/div>\n\t\t\t\t\t<\/div>\n\t\t<\/section>\n\t\t\t\t<section class=\"elementor-section elementor-top-section elementor-element elementor-element-906a147 elementor-section-boxed elementor-section-height-default elementor-section-height-default\" data-id=\"906a147\" data-element_type=\"section\" data-e-type=\"section\">\n\t\t\t\t\t\t<div class=\"elementor-container elementor-column-gap-default\">\n\t\t\t\t\t<div class=\"elementor-column elementor-col-50 elementor-top-column elementor-element elementor-element-90080b1\" data-id=\"90080b1\" data-element_type=\"column\" data-e-type=\"column\">\n\t\t\t<div class=\"elementor-widget-wrap elementor-element-populated\">\n\t\t\t\t\t\t<div class=\"elementor-element elementor-element-60b82eb elementor-widget elementor-widget-text-editor\" data-id=\"60b82eb\" data-element_type=\"widget\" data-e-type=\"widget\" data-widget_type=\"text-editor.default\">\n\t\t\t\t<div class=\"elementor-widget-container\">\n\t\t\t\t\t\t\t\t\t<p><b>NODO SUROCCIDENTE (<a href=\"https:\/\/ascofafi.com\/?page_id=642\" target=\"_blank\" rel=\"noopener\">ver m\u00e1s<\/a>)<\/b><\/p><p>Universidad del Valle<\/p><p>Universidad Santiago de Cali sede Cali<\/p><p>Universidad Santiago de Cali sede Palmira<\/p><p>Escuela Nacional del Deporte<\/p><p>Universidad del Cauca<\/p><p>Universidad Mariana<\/p>\t\t\t\t\t\t\t\t<\/div>\n\t\t\t\t<\/div>\n\t\t\t\t\t<\/div>\n\t\t<\/div>\n\t\t\t\t<div class=\"elementor-column elementor-col-50 elementor-top-column elementor-element elementor-element-757962c\" data-id=\"757962c\" data-element_type=\"column\" data-e-type=\"column\">\n\t\t\t<div class=\"elementor-widget-wrap elementor-element-populated\">\n\t\t\t\t\t\t<div class=\"elementor-element elementor-element-10b4f1d elementor-widget elementor-widget-html\" data-id=\"10b4f1d\" data-element_type=\"widget\" data-e-type=\"widget\" data-widget_type=\"html.default\">\n\t\t\t\t<div class=\"elementor-widget-container\">\n\t\t\t\t\t<iframe src=\"https:\/\/www.google.com\/maps\/d\/u\/1\/embed?mid=1wi8QsMhglViAm5htCUKxcV8-uD2DSXo&ehbc=2E312F&noprof=1\" width=\"640\" height=\"480\"><\/iframe>\t\t\t\t<\/div>\n\t\t\t\t<\/div>\n\t\t\t\t\t<\/div>\n\t\t<\/div>\n\t\t\t\t\t<\/div>\n\t\t<\/section>\n\t\t\t\t<section class=\"elementor-section elementor-top-section elementor-element elementor-element-733732b elementor-section-stretched elementor-section-boxed elementor-section-height-default elementor-section-height-default\" data-id=\"733732b\" data-element_type=\"section\" data-e-type=\"section\" data-settings=\"{&quot;stretch_section&quot;:&quot;section-stretched&quot;}\">\n\t\t\t\t\t\t<div class=\"elementor-container elementor-column-gap-default\">\n\t\t\t\t\t<div class=\"elementor-column elementor-col-100 elementor-top-column elementor-element elementor-element-a57d9fc\" data-id=\"a57d9fc\" data-element_type=\"column\" data-e-type=\"column\">\n\t\t\t<div class=\"elementor-widget-wrap elementor-element-populated\">\n\t\t\t\t\t\t<div class=\"elementor-element elementor-element-70476c7 elementor-widget elementor-widget-heading\" data-id=\"70476c7\" data-element_type=\"widget\" data-e-type=\"widget\" data-widget_type=\"heading.default\">\n\t\t\t\t<div class=\"elementor-widget-container\">\n\t\t\t\t\t<h2 class=\"elementor-heading-title elementor-size-default\">Programas afiliados con acreditaci\u00f3n de alta calidad<\/h2>\t\t\t\t<\/div>\n\t\t\t\t<\/div>\n\t\t\t\t<div class=\"elementor-element elementor-element-9182d3f elementor-widget elementor-widget-text-editor\" data-id=\"9182d3f\" data-element_type=\"widget\" data-e-type=\"widget\" data-widget_type=\"text-editor.default\">\n\t\t\t\t<div class=\"elementor-widget-container\">\n\t\t\t\t\t\t\t\t\t<p>Para el periodo 2025-II, un total de 20 programas afiliados a ASCOFAFI cuentan con Acreditaci\u00f3n de Alta Calidad por parte del Ministerio de Educaci\u00f3n Nacional. Este reconocimiento destaca el cumplimiento de altos est\u00e1ndares acad\u00e9micos y administrativos, reflejando el compromiso de las instituciones vinculadas con la excelencia educativa. La acreditaci\u00f3n representa una garant\u00eda para los estudiantes y la sociedad sobre la calidad de los programas ofrecidos, contribuyendo al fortalecimiento de la educaci\u00f3n superior en el pa\u00eds.<\/p>\t\t\t\t\t\t\t\t<\/div>\n\t\t\t\t<\/div>\n\t\t\t\t\t<\/div>\n\t\t<\/div>\n\t\t\t\t\t<\/div>\n\t\t<\/section>\n\t\t\t\t<section class=\"elementor-section elementor-top-section elementor-element elementor-element-4c6ee4d elementor-section-boxed elementor-section-height-default elementor-section-height-default\" data-id=\"4c6ee4d\" data-element_type=\"section\" data-e-type=\"section\">\n\t\t\t\t\t\t<div class=\"elementor-container elementor-column-gap-default\">\n\t\t\t\t\t<div class=\"elementor-column elementor-col-100 elementor-top-column elementor-element elementor-element-592fdad\" data-id=\"592fdad\" data-element_type=\"column\" data-e-type=\"column\">\n\t\t\t<div class=\"elementor-widget-wrap elementor-element-populated\">\n\t\t\t\t\t\t<div class=\"elementor-element elementor-element-55fea5a elementor-widget elementor-widget-text-editor\" data-id=\"55fea5a\" data-element_type=\"widget\" data-e-type=\"widget\" data-widget_type=\"text-editor.default\">\n\t\t\t\t<div class=\"elementor-widget-container\">\n\t\t\t\t\t\t\t\t\t<table><tbody><tr><td rowspan=\"3\" width=\"87\"><p><strong>NODO CARIBE ASCOFAFI<\/strong><\/p><p><strong>\u00a0<\/strong><\/p><\/td><td width=\"89\"><p><strong>UNIVERSIDAD SIMON BOLIVAR-BARRANQUILLA<\/strong><\/p><\/td><\/tr><tr><td width=\"89\"><p><strong>UNIVERSIDAD LIBRE-BARRANQUILLA<\/strong><\/p><\/td><\/tr><tr><td width=\"89\"><p><strong>CORPORACION UNIVERSITARIA ANTONIO JOSE DE SUCRE &#8211; CORPOSUCRE<\/strong><\/p><\/td><\/tr><tr><td rowspan=\"4\" width=\"87\"><p><strong>NODO NORORIENTAL ASCOFAFI<\/strong><\/p><p><strong>\u00a0<\/strong><\/p><\/td><td width=\"89\"><p><strong>UNIVERSIDAD INDUSTRIAL DE SANTANDER-BUCARAMANGA<\/strong><\/p><\/td><\/tr><tr><td width=\"89\"><p><strong>UNIVERSIDAD DE PAMPLONA-PAMPLONA<\/strong><\/p><\/td><\/tr><tr><td width=\"89\"><p><strong>UNIVERSIDAD DE SANTANDER \u2013 UDES- BUCARAMANGA<\/strong><\/p><\/td><\/tr><tr><td width=\"89\"><p><strong>UNIVERSIDAD MANUELA BELTRAN-UMB-BUCARAMANGA<\/strong><\/p><\/td><\/tr><tr><td rowspan=\"6\" width=\"87\"><p><strong>NODO CENTRO ASCOFAFI<\/strong><\/p><p><strong>\u00a0<\/strong><\/p><\/td><td width=\"89\"><p><strong>UNIVERSIDAD NACIONAL DE COLOMBIA-BOGOT\u00c1 D.C.<\/strong><\/p><\/td><\/tr><tr><td width=\"89\"><p><strong>FUNDACI\u00d3N UNIVERSITARIA ESCUELA COLOMBIANA DE REHABILITACI\u00d3N<\/strong><\/p><p><strong>BOGOT\u00c1 D.C.<\/strong><\/p><\/td><\/tr><tr><td width=\"89\"><p><strong>UNIVERSIDAD DE LA SABANA-CH\u00cdA<\/strong><\/p><\/td><\/tr><tr><td width=\"89\"><p><strong>COLEGIO MAYOR DE NUESTRA SE\u00d1ORA DEL ROSARIO-BOGOT\u00c1 D.C.<\/strong><\/p><\/td><\/tr><tr><td width=\"89\"><p><strong>UNIVERSIDAD DE BOYACA UNIBOYACA-<\/strong><\/p><p><strong>TUNJA<\/strong><\/p><\/td><\/tr><tr><td width=\"89\"><p><strong>UNIVERSIDAD MANUELA BELTRAN-UMB-BOGOT\u00c1 D.C.<\/strong><\/p><\/td><\/tr><tr><td rowspan=\"4\" width=\"87\"><p><strong>NODO CAFETERO ASCOFAFI<\/strong><\/p><p><strong>\u00a0<\/strong><\/p><\/td><td width=\"89\"><p><strong>FUNDACION UNIVERSITARIA DEL AREA ANDINA-PEREIRA<\/strong><\/p><\/td><\/tr><tr><td width=\"89\"><p><strong>UNIVERSIDAD AUTONOMA DE MANIZALES-MANIZALES<\/strong><\/p><\/td><\/tr><tr><td width=\"89\"><p><strong>UNIVERSIDAD CES-MEDELL\u00cdN<\/strong><\/p><\/td><\/tr><tr><td width=\"89\"><p><strong>FUNDACION UNIVERSITARIA MARIA CANO-MEDELL\u00cdN<\/strong><\/p><\/td><\/tr><tr><td rowspan=\"3\" width=\"87\"><p><strong>NODO SUROCCIDENTE ASCOFAFI<\/strong><\/p><p><strong>\u00a0<\/strong><\/p><\/td><td width=\"89\"><p><strong>UNIVERSIDAD DEL CAUCA-POPAY\u00c1N<\/strong><\/p><\/td><\/tr><tr><td width=\"89\"><p><strong>UNIVERSIDAD DEL VALLE-<\/strong><strong> SANTIAGO DE CALI<\/strong><\/p><\/td><\/tr><tr><td width=\"89\"><p><strong>ESCUELA NACIONAL DEL DEPORTE<\/strong><strong>&#8211; SANTIAGO DE CALI<\/strong><\/p><\/td><\/tr><\/tbody><\/table>\t\t\t\t\t\t\t\t<\/div>\n\t\t\t\t<\/div>\n\t\t\t\t\t<\/div>\n\t\t<\/div>\n\t\t\t\t\t<\/div>\n\t\t<\/section>\n\t\t\t\t<\/div>\n\t\t","protected":false},"excerpt":{"rendered":"<p>Instituciones educativas miembros de ASCOFAFI Actualmente ASCOFAFI cuenta con 31 instituciones de educaci\u00f3n superior asociadas y agrupadas en 5 Nodos regionales NODO CARIBE (ver m\u00e1s) Universidad Sim\u00f3n Bol\u00edvar Universidad Metropolitana Universidad Libre Universidad San Buenaventura Corporaci\u00f3n Universitaria Antonio Jos\u00e9 de Sucre (Corposucre) Universidad del Sin\u00fa Universidad de Santander (UDES) sede Valledupar NODO NORORIENTAL (ver m\u00e1s) [&hellip;]<\/p>\n","protected":false},"author":1,"featured_media":0,"parent":0,"menu_order":0,"comment_status":"closed","ping_status":"closed","template":"","meta":{"om_disable_all_campaigns":false,"_monsterinsights_skip_tracking":false,"_monsterinsights_sitenote_active":false,"_monsterinsights_sitenote_note":"","_monsterinsights_sitenote_category":0,"footnotes":""},"class_list":["post-279","page","type-page","status-publish","hentry","wpbf-post"],"aioseo_notices":[],"_links":{"self":[{"href":"https:\/\/ascofafi.com\/index.php?rest_route=\/wp\/v2\/pages\/279","targetHints":{"allow":["GET"]}}],"collection":[{"href":"https:\/\/ascofafi.com\/index.php?rest_route=\/wp\/v2\/pages"}],"about":[{"href":"https:\/\/ascofafi.com\/index.php?rest_route=\/wp\/v2\/types\/page"}],"author":[{"embeddable":true,"href":"https:\/\/ascofafi.com\/index.php?rest_route=\/wp\/v2\/users\/1"}],"replies":[{"embeddable":true,"href":"https:\/\/ascofafi.com\/index.php?rest_route=%2Fwp%2Fv2%2Fcomments&post=279"}],"version-history":[{"count":100,"href":"https:\/\/ascofafi.com\/index.php?rest_route=\/wp\/v2\/pages\/279\/revisions"}],"predecessor-version":[{"id":1426,"href":"https:\/\/ascofafi.com\/index.php?rest_route=\/wp\/v2\/pages\/279\/revisions\/1426"}],"wp:attachment":[{"href":"https:\/\/ascofafi.com\/index.php?rest_route=%2Fwp%2Fv2%2Fmedia&parent=279"}],"curies":[{"name":"wp","href":"https:\/\/api.w.org\/{rel}","templated":true}]}}