{"id":511,"date":"2022-11-03T16:48:45","date_gmt":"2022-11-03T16:48:45","guid":{"rendered":"https:\/\/ascofafi.com\/?page_id=511"},"modified":"2023-01-11T23:56:43","modified_gmt":"2023-01-11T23:56:43","slug":"conversatorios","status":"publish","type":"page","link":"https:\/\/ascofafi.com\/?page_id=511","title":{"rendered":"Conversatorios"},"content":{"rendered":"\t\t<div data-elementor-type=\"wp-page\" data-elementor-id=\"511\" class=\"elementor elementor-511\">\n\t\t\t\t\t\t<section class=\"elementor-section elementor-top-section elementor-element elementor-element-de029b2 elementor-section-boxed elementor-section-height-default elementor-section-height-default\" data-id=\"de029b2\" data-element_type=\"section\" data-e-type=\"section\">\n\t\t\t\t\t\t<div class=\"elementor-container elementor-column-gap-default\">\n\t\t\t\t\t<div class=\"elementor-column elementor-col-100 elementor-top-column elementor-element elementor-element-57fad7a\" data-id=\"57fad7a\" data-element_type=\"column\" data-e-type=\"column\">\n\t\t\t<div class=\"elementor-widget-wrap elementor-element-populated\">\n\t\t\t\t\t\t<div class=\"elementor-element elementor-element-121a6e7 elementor-widget elementor-widget-heading\" data-id=\"121a6e7\" data-element_type=\"widget\" data-e-type=\"widget\" data-widget_type=\"heading.default\">\n\t\t\t\t<div class=\"elementor-widget-container\">\n\t\t\t\t\t<h2 class=\"elementor-heading-title elementor-size-default\">Conversatorio N\u00b0 1 Registro Calificado para programas de fisioterapia\u200b<\/h2>\t\t\t\t<\/div>\n\t\t\t\t<\/div>\n\t\t\t\t\t<\/div>\n\t\t<\/div>\n\t\t\t\t\t<\/div>\n\t\t<\/section>\n\t\t\t\t<section class=\"elementor-section elementor-top-section elementor-element elementor-element-2a169f4 elementor-section-boxed elementor-section-height-default elementor-section-height-default\" data-id=\"2a169f4\" data-element_type=\"section\" data-e-type=\"section\">\n\t\t\t\t\t\t<div class=\"elementor-container elementor-column-gap-default\">\n\t\t\t\t\t<div class=\"elementor-column elementor-col-100 elementor-top-column elementor-element elementor-element-44132af\" data-id=\"44132af\" data-element_type=\"column\" data-e-type=\"column\">\n\t\t\t<div class=\"elementor-widget-wrap elementor-element-populated\">\n\t\t\t\t\t\t<div class=\"elementor-element elementor-element-667e8f8 elementor-widget elementor-widget-image-gallery\" data-id=\"667e8f8\" data-element_type=\"widget\" data-e-type=\"widget\" data-widget_type=\"image-gallery.default\">\n\t\t\t\t<div class=\"elementor-widget-container\">\n\t\t\t\t\t\t\t<div class=\"elementor-image-gallery\">\n\t\t\t<div id='gallery-6' class='gallery galleryid-511 gallery-columns-7 gallery-size-thumbnail'><figure class='gallery-item'>\n\t\t\t<div class='gallery-icon landscape'>\n\t\t\t\t<a data-elementor-open-lightbox=\"yes\" data-elementor-lightbox-slideshow=\"667e8f8\" data-elementor-lightbox-title=\"01\" data-e-action-hash=\"#elementor-action%3Aaction%3Dlightbox%26settings%3DeyJpZCI6NDkyLCJ1cmwiOiJodHRwczpcL1wvYXNjb2ZhZmkuY29tXC93cC1jb250ZW50XC91cGxvYWRzXC8yMDIyXC8xMFwvMDEucG5nIiwic2xpZGVzaG93IjoiNjY3ZThmOCJ9\" href='https:\/\/ascofafi.com\/wp-content\/uploads\/2022\/10\/01.png'><img decoding=\"async\" width=\"150\" height=\"150\" src=\"https:\/\/ascofafi.com\/wp-content\/uploads\/2022\/10\/01-150x150.png\" class=\"attachment-thumbnail size-thumbnail\" alt=\"\" \/><\/a>\n\t\t\t<\/div><\/figure><figure class='gallery-item'>\n\t\t\t<div class='gallery-icon landscape'>\n\t\t\t\t<a data-elementor-open-lightbox=\"yes\" data-elementor-lightbox-slideshow=\"667e8f8\" data-elementor-lightbox-title=\"08\" data-e-action-hash=\"#elementor-action%3Aaction%3Dlightbox%26settings%3DeyJpZCI6NDg3LCJ1cmwiOiJodHRwczpcL1wvYXNjb2ZhZmkuY29tXC93cC1jb250ZW50XC91cGxvYWRzXC8yMDIyXC8xMFwvMDgucG5nIiwic2xpZGVzaG93IjoiNjY3ZThmOCJ9\" href='https:\/\/ascofafi.com\/wp-content\/uploads\/2022\/10\/08.png'><img decoding=\"async\" width=\"150\" height=\"150\" src=\"https:\/\/ascofafi.com\/wp-content\/uploads\/2022\/10\/08-150x150.png\" class=\"attachment-thumbnail size-thumbnail\" alt=\"\" \/><\/a>\n\t\t\t<\/div><\/figure><figure class='gallery-item'>\n\t\t\t<div class='gallery-icon landscape'>\n\t\t\t\t<a data-elementor-open-lightbox=\"yes\" data-elementor-lightbox-slideshow=\"667e8f8\" data-elementor-lightbox-title=\"07\" data-e-action-hash=\"#elementor-action%3Aaction%3Dlightbox%26settings%3DeyJpZCI6NDg2LCJ1cmwiOiJodHRwczpcL1wvYXNjb2ZhZmkuY29tXC93cC1jb250ZW50XC91cGxvYWRzXC8yMDIyXC8xMFwvMDcucG5nIiwic2xpZGVzaG93IjoiNjY3ZThmOCJ9\" href='https:\/\/ascofafi.com\/wp-content\/uploads\/2022\/10\/07.png'><img decoding=\"async\" width=\"150\" height=\"150\" src=\"https:\/\/ascofafi.com\/wp-content\/uploads\/2022\/10\/07-150x150.png\" class=\"attachment-thumbnail size-thumbnail\" alt=\"\" \/><\/a>\n\t\t\t<\/div><\/figure><figure class='gallery-item'>\n\t\t\t<div class='gallery-icon landscape'>\n\t\t\t\t<a data-elementor-open-lightbox=\"yes\" data-elementor-lightbox-slideshow=\"667e8f8\" data-elementor-lightbox-title=\"02\" data-e-action-hash=\"#elementor-action%3Aaction%3Dlightbox%26settings%3DeyJpZCI6NDkxLCJ1cmwiOiJodHRwczpcL1wvYXNjb2ZhZmkuY29tXC93cC1jb250ZW50XC91cGxvYWRzXC8yMDIyXC8xMFwvMDIucG5nIiwic2xpZGVzaG93IjoiNjY3ZThmOCJ9\" href='https:\/\/ascofafi.com\/wp-content\/uploads\/2022\/10\/02.png'><img loading=\"lazy\" decoding=\"async\" width=\"150\" height=\"150\" src=\"https:\/\/ascofafi.com\/wp-content\/uploads\/2022\/10\/02-150x150.png\" class=\"attachment-thumbnail size-thumbnail\" alt=\"\" \/><\/a>\n\t\t\t<\/div><\/figure><figure class='gallery-item'>\n\t\t\t<div class='gallery-icon landscape'>\n\t\t\t\t<a data-elementor-open-lightbox=\"yes\" data-elementor-lightbox-slideshow=\"667e8f8\" data-elementor-lightbox-title=\"03\" data-e-action-hash=\"#elementor-action%3Aaction%3Dlightbox%26settings%3DeyJpZCI6NDkwLCJ1cmwiOiJodHRwczpcL1wvYXNjb2ZhZmkuY29tXC93cC1jb250ZW50XC91cGxvYWRzXC8yMDIyXC8xMFwvMDMucG5nIiwic2xpZGVzaG93IjoiNjY3ZThmOCJ9\" href='https:\/\/ascofafi.com\/wp-content\/uploads\/2022\/10\/03.png'><img loading=\"lazy\" decoding=\"async\" width=\"150\" height=\"150\" src=\"https:\/\/ascofafi.com\/wp-content\/uploads\/2022\/10\/03-150x150.png\" class=\"attachment-thumbnail size-thumbnail\" alt=\"\" \/><\/a>\n\t\t\t<\/div><\/figure><figure class='gallery-item'>\n\t\t\t<div class='gallery-icon landscape'>\n\t\t\t\t<a data-elementor-open-lightbox=\"yes\" data-elementor-lightbox-slideshow=\"667e8f8\" data-elementor-lightbox-title=\"04\" data-e-action-hash=\"#elementor-action%3Aaction%3Dlightbox%26settings%3DeyJpZCI6NDg5LCJ1cmwiOiJodHRwczpcL1wvYXNjb2ZhZmkuY29tXC93cC1jb250ZW50XC91cGxvYWRzXC8yMDIyXC8xMFwvMDQucG5nIiwic2xpZGVzaG93IjoiNjY3ZThmOCJ9\" href='https:\/\/ascofafi.com\/wp-content\/uploads\/2022\/10\/04.png'><img loading=\"lazy\" decoding=\"async\" width=\"150\" height=\"150\" src=\"https:\/\/ascofafi.com\/wp-content\/uploads\/2022\/10\/04-150x150.png\" class=\"attachment-thumbnail size-thumbnail\" alt=\"\" \/><\/a>\n\t\t\t<\/div><\/figure><figure class='gallery-item'>\n\t\t\t<div class='gallery-icon landscape'>\n\t\t\t\t<a data-elementor-open-lightbox=\"yes\" data-elementor-lightbox-slideshow=\"667e8f8\" data-elementor-lightbox-title=\"05\" data-e-action-hash=\"#elementor-action%3Aaction%3Dlightbox%26settings%3DeyJpZCI6NDg4LCJ1cmwiOiJodHRwczpcL1wvYXNjb2ZhZmkuY29tXC93cC1jb250ZW50XC91cGxvYWRzXC8yMDIyXC8xMFwvMDUucG5nIiwic2xpZGVzaG93IjoiNjY3ZThmOCJ9\" href='https:\/\/ascofafi.com\/wp-content\/uploads\/2022\/10\/05.png'><img loading=\"lazy\" decoding=\"async\" width=\"150\" height=\"150\" src=\"https:\/\/ascofafi.com\/wp-content\/uploads\/2022\/10\/05-150x150.png\" class=\"attachment-thumbnail size-thumbnail\" alt=\"\" \/><\/a>\n\t\t\t<\/div><\/figure>\n\t\t<\/div>\n\t\t<\/div>\n\t\t\t\t\t\t<\/div>\n\t\t\t\t<\/div>\n\t\t\t\t\t<\/div>\n\t\t<\/div>\n\t\t\t\t\t<\/div>\n\t\t<\/section>\n\t\t\t\t<section class=\"elementor-section elementor-top-section elementor-element elementor-element-1ca7df6 elementor-section-boxed elementor-section-height-default elementor-section-height-default\" data-id=\"1ca7df6\" data-element_type=\"section\" data-e-type=\"section\">\n\t\t\t\t\t\t<div class=\"elementor-container elementor-column-gap-default\">\n\t\t\t\t\t<div class=\"elementor-column elementor-col-50 elementor-top-column elementor-element elementor-element-c6e8dd8\" data-id=\"c6e8dd8\" data-element_type=\"column\" data-e-type=\"column\">\n\t\t\t<div class=\"elementor-widget-wrap elementor-element-populated\">\n\t\t\t\t\t\t<div class=\"elementor-element elementor-element-8d6221d elementor-widget elementor-widget-text-editor\" data-id=\"8d6221d\" data-element_type=\"widget\" data-e-type=\"widget\" data-widget_type=\"text-editor.default\">\n\t\t\t\t<div class=\"elementor-widget-container\">\n\t\t\t\t\t\t\t\t\t<p>El pasado 18 de agosto, la docente y\u00a0directora de la Direcci\u00f3n de Autoevaluaci\u00f3n y Calidad Acad\u00e9mica- DACA, de la Universidad del Valle\u00a0Claudia Maria Pay\u00e1n Villamizar,\u00a0acompa\u00f1\u00f3 el desarrollo del primer conversatorio en\u00a0\u201cProcesos de Registro Calificado para programas de fisioterapia en el marco del Sistema Interno de Aseguramiento de la Calidad\u201d.<\/p><p>Contamos con la participaci\u00f3n de m\u00e1s de 60\u00a0docentes de los programas de fisioterapia del pa\u00eds, quienes tuvieron la oportunidad de actualizar conocimientos y aclarar dudas para el fortalecimiento de los procesos de calidad de los programas de fisioterapia del pa\u00eds.<\/p><p><a href=\"https:\/\/drive.google.com\/file\/d\/1t2NIRIs_Ajv2BuJq1MyVWSrKWlPrVe3l\/view?usp=sharing\" target=\"_blank\" rel=\"noopener\">Presentaci\u00f3n del conversatorio<\/a><\/p>\t\t\t\t\t\t\t\t<\/div>\n\t\t\t\t<\/div>\n\t\t\t\t\t<\/div>\n\t\t<\/div>\n\t\t\t\t<div class=\"elementor-column elementor-col-50 elementor-top-column elementor-element elementor-element-84cb8c5\" data-id=\"84cb8c5\" data-element_type=\"column\" data-e-type=\"column\">\n\t\t\t<div class=\"elementor-widget-wrap elementor-element-populated\">\n\t\t\t\t\t\t<div class=\"elementor-element elementor-element-0e0b257 elementor-widget elementor-widget-video\" data-id=\"0e0b257\" data-element_type=\"widget\" data-e-type=\"widget\" data-settings=\"{&quot;video_type&quot;:&quot;vimeo&quot;}\" data-widget_type=\"video.default\">\n\t\t\t\t<div class=\"elementor-widget-container\">\n\t\t\t\t\t\t\t<div class=\"elementor-wrapper elementor-open-inline\">\n\t\t\t<iframe class=\"elementor-video-iframe\" allowfullscreen allow=\"clipboard-write\" title=\"Reproductor de v\u00eddeo vimeo\" src=\"https:\/\/player.vimeo.com\/video\/778923004?color&amp;autopause=0&amp;loop=0&amp;muted=0&amp;title=1&amp;portrait=1&amp;byline=1#t=\"><\/iframe>\t\t<\/div>\n\t\t\t\t\t\t<\/div>\n\t\t\t\t<\/div>\n\t\t\t\t<div class=\"elementor-element elementor-element-2b131b4 elementor-widget elementor-widget-video\" data-id=\"2b131b4\" data-element_type=\"widget\" data-e-type=\"widget\" data-settings=\"{&quot;video_type&quot;:&quot;vimeo&quot;}\" data-widget_type=\"video.default\">\n\t\t\t\t<div class=\"elementor-widget-container\">\n\t\t\t\t\t\t\t<div class=\"elementor-wrapper elementor-open-inline\">\n\t\t\t<iframe class=\"elementor-video-iframe\" allowfullscreen allow=\"clipboard-write\" title=\"Reproductor de v\u00eddeo vimeo\" src=\"https:\/\/player.vimeo.com\/video\/778926804?color&amp;autopause=0&amp;loop=0&amp;muted=0&amp;title=1&amp;portrait=1&amp;byline=1#t=\"><\/iframe>\t\t<\/div>\n\t\t\t\t\t\t<\/div>\n\t\t\t\t<\/div>\n\t\t\t\t\t<\/div>\n\t\t<\/div>\n\t\t\t\t\t<\/div>\n\t\t<\/section>\n\t\t\t\t<section class=\"elementor-section elementor-top-section elementor-element elementor-element-e543760 elementor-section-boxed elementor-section-height-default elementor-section-height-default\" data-id=\"e543760\" data-element_type=\"section\" data-e-type=\"section\">\n\t\t\t\t\t\t<div class=\"elementor-container elementor-column-gap-default\">\n\t\t\t\t\t<div class=\"elementor-column elementor-col-100 elementor-top-column elementor-element elementor-element-db7dfc1\" data-id=\"db7dfc1\" data-element_type=\"column\" data-e-type=\"column\">\n\t\t\t<div class=\"elementor-widget-wrap elementor-element-populated\">\n\t\t\t\t\t\t<div class=\"elementor-element elementor-element-ccf9824 elementor-widget elementor-widget-heading\" data-id=\"ccf9824\" data-element_type=\"widget\" data-e-type=\"widget\" data-widget_type=\"heading.default\">\n\t\t\t\t<div class=\"elementor-widget-container\">\n\t\t\t\t\t<h2 class=\"elementor-heading-title elementor-size-default\">Conversatorio N\u00b02 RESULTADOS DE APRENDIZAJE<\/h2>\t\t\t\t<\/div>\n\t\t\t\t<\/div>\n\t\t\t\t\t<\/div>\n\t\t<\/div>\n\t\t\t\t\t<\/div>\n\t\t<\/section>\n\t\t\t\t<section class=\"elementor-section elementor-top-section elementor-element elementor-element-6c3bc49 elementor-section-boxed elementor-section-height-default elementor-section-height-default\" data-id=\"6c3bc49\" data-element_type=\"section\" data-e-type=\"section\">\n\t\t\t\t\t\t<div class=\"elementor-container elementor-column-gap-default\">\n\t\t\t\t\t<div class=\"elementor-column elementor-col-100 elementor-top-column elementor-element elementor-element-c741269\" data-id=\"c741269\" data-element_type=\"column\" data-e-type=\"column\">\n\t\t\t<div class=\"elementor-widget-wrap elementor-element-populated\">\n\t\t\t\t\t\t<div class=\"elementor-element elementor-element-be6fc20 elementor-widget elementor-widget-image-gallery\" data-id=\"be6fc20\" data-element_type=\"widget\" data-e-type=\"widget\" data-widget_type=\"image-gallery.default\">\n\t\t\t\t<div class=\"elementor-widget-container\">\n\t\t\t\t\t\t\t<div class=\"elementor-image-gallery\">\n\t\t\t<div id='gallery-7' class='gallery galleryid-511 gallery-columns-4 gallery-size-thumbnail'><figure class='gallery-item'>\n\t\t\t<div class='gallery-icon landscape'>\n\t\t\t\t<a data-elementor-open-lightbox=\"yes\" data-elementor-lightbox-slideshow=\"be6fc20\" data-elementor-lightbox-title=\"C2-04\" data-e-action-hash=\"#elementor-action%3Aaction%3Dlightbox%26settings%3DeyJpZCI6NTc0LCJ1cmwiOiJodHRwczpcL1wvYXNjb2ZhZmkuY29tXC93cC1jb250ZW50XC91cGxvYWRzXC8yMDIyXC8xMVwvQzItMDQucG5nIiwic2xpZGVzaG93IjoiYmU2ZmMyMCJ9\" href='https:\/\/ascofafi.com\/wp-content\/uploads\/2022\/11\/C2-04.png'><img loading=\"lazy\" decoding=\"async\" width=\"150\" height=\"150\" src=\"https:\/\/ascofafi.com\/wp-content\/uploads\/2022\/11\/C2-04-150x150.png\" class=\"attachment-thumbnail size-thumbnail\" alt=\"\" \/><\/a>\n\t\t\t<\/div><\/figure><figure class='gallery-item'>\n\t\t\t<div class='gallery-icon landscape'>\n\t\t\t\t<a data-elementor-open-lightbox=\"yes\" data-elementor-lightbox-slideshow=\"be6fc20\" data-elementor-lightbox-title=\"C2-03\" data-e-action-hash=\"#elementor-action%3Aaction%3Dlightbox%26settings%3DeyJpZCI6NTc1LCJ1cmwiOiJodHRwczpcL1wvYXNjb2ZhZmkuY29tXC93cC1jb250ZW50XC91cGxvYWRzXC8yMDIyXC8xMVwvQzItMDMucG5nIiwic2xpZGVzaG93IjoiYmU2ZmMyMCJ9\" href='https:\/\/ascofafi.com\/wp-content\/uploads\/2022\/11\/C2-03.png'><img loading=\"lazy\" decoding=\"async\" width=\"150\" height=\"150\" src=\"https:\/\/ascofafi.com\/wp-content\/uploads\/2022\/11\/C2-03-150x150.png\" class=\"attachment-thumbnail size-thumbnail\" alt=\"\" \/><\/a>\n\t\t\t<\/div><\/figure><figure class='gallery-item'>\n\t\t\t<div class='gallery-icon landscape'>\n\t\t\t\t<a data-elementor-open-lightbox=\"yes\" data-elementor-lightbox-slideshow=\"be6fc20\" data-elementor-lightbox-title=\"C2-02\" data-e-action-hash=\"#elementor-action%3Aaction%3Dlightbox%26settings%3DeyJpZCI6NTc2LCJ1cmwiOiJodHRwczpcL1wvYXNjb2ZhZmkuY29tXC93cC1jb250ZW50XC91cGxvYWRzXC8yMDIyXC8xMVwvQzItMDIucG5nIiwic2xpZGVzaG93IjoiYmU2ZmMyMCJ9\" href='https:\/\/ascofafi.com\/wp-content\/uploads\/2022\/11\/C2-02.png'><img loading=\"lazy\" decoding=\"async\" width=\"150\" height=\"150\" src=\"https:\/\/ascofafi.com\/wp-content\/uploads\/2022\/11\/C2-02-150x150.png\" class=\"attachment-thumbnail size-thumbnail\" alt=\"\" \/><\/a>\n\t\t\t<\/div><\/figure><figure class='gallery-item'>\n\t\t\t<div class='gallery-icon landscape'>\n\t\t\t\t<a data-elementor-open-lightbox=\"yes\" data-elementor-lightbox-slideshow=\"be6fc20\" data-elementor-lightbox-title=\"C2-01\" data-e-action-hash=\"#elementor-action%3Aaction%3Dlightbox%26settings%3DeyJpZCI6NTc3LCJ1cmwiOiJodHRwczpcL1wvYXNjb2ZhZmkuY29tXC93cC1jb250ZW50XC91cGxvYWRzXC8yMDIyXC8xMVwvQzItMDEucG5nIiwic2xpZGVzaG93IjoiYmU2ZmMyMCJ9\" href='https:\/\/ascofafi.com\/wp-content\/uploads\/2022\/11\/C2-01.png'><img loading=\"lazy\" decoding=\"async\" width=\"150\" height=\"150\" src=\"https:\/\/ascofafi.com\/wp-content\/uploads\/2022\/11\/C2-01-150x150.png\" class=\"attachment-thumbnail size-thumbnail\" alt=\"\" \/><\/a>\n\t\t\t<\/div><\/figure>\n\t\t<\/div>\n\t\t<\/div>\n\t\t\t\t\t\t<\/div>\n\t\t\t\t<\/div>\n\t\t\t\t\t<\/div>\n\t\t<\/div>\n\t\t\t\t\t<\/div>\n\t\t<\/section>\n\t\t\t\t<section class=\"elementor-section elementor-top-section elementor-element elementor-element-e80e4e8 elementor-section-boxed elementor-section-height-default elementor-section-height-default\" data-id=\"e80e4e8\" data-element_type=\"section\" data-e-type=\"section\">\n\t\t\t\t\t\t<div class=\"elementor-container elementor-column-gap-default\">\n\t\t\t\t\t<div class=\"elementor-column elementor-col-50 elementor-top-column elementor-element elementor-element-001f464\" data-id=\"001f464\" data-element_type=\"column\" data-e-type=\"column\">\n\t\t\t<div class=\"elementor-widget-wrap elementor-element-populated\">\n\t\t\t\t\t\t<div class=\"elementor-element elementor-element-eb0e3f9 elementor-widget elementor-widget-text-editor\" data-id=\"eb0e3f9\" data-element_type=\"widget\" data-e-type=\"widget\" data-widget_type=\"text-editor.default\">\n\t\t\t\t<div class=\"elementor-widget-container\">\n\t\t\t\t\t\t\t\t\t<p>En nuestro segundo conversatorio del pasado martes 18 de octubre de<br \/>2022, tuvimos como invitado especial al profesor V\u00edctor Hugo Due\u00f1as,<br \/>profesor titular de la Universidad del Valle.<br \/>El profesor Due\u00f1as nos habl\u00f3 del perfil de egreso, competencias y<br \/>resultados de aprendizaje, junto con su relaci\u00f3n con el dise\u00f1o<br \/>microcurricular.<\/p><p>A este encuentro asistieron 80 docentes pertenecientes a nuestras instituciones asociadas, quienes tuvieron la oportunidad de resolver dudas y recibir la orientaci\u00f3n del especialista en docencia universitaria.<\/p><p>Este conversatorio obtuvo altos niveles de satisfacci\u00f3n entre los<br \/>asistentes, en t\u00e9rminos de pertinencia, relevancia, tema acorde a las<br \/>necesidades de las instituciones, actualizaci\u00f3n y manejo del tema.<br \/>\u00a1Muchas gracias a todos por su participaci\u00f3n de este importante espacio!<\/p>\t\t\t\t\t\t\t\t<\/div>\n\t\t\t\t<\/div>\n\t\t\t\t\t<\/div>\n\t\t<\/div>\n\t\t\t\t<div class=\"elementor-column elementor-col-50 elementor-top-column elementor-element elementor-element-c7a5dc3\" data-id=\"c7a5dc3\" data-element_type=\"column\" data-e-type=\"column\">\n\t\t\t<div class=\"elementor-widget-wrap elementor-element-populated\">\n\t\t\t\t\t\t<div class=\"elementor-element elementor-element-8bf8d91 elementor-widget elementor-widget-video\" data-id=\"8bf8d91\" data-element_type=\"widget\" data-e-type=\"widget\" data-settings=\"{&quot;video_type&quot;:&quot;vimeo&quot;}\" data-widget_type=\"video.default\">\n\t\t\t\t<div class=\"elementor-widget-container\">\n\t\t\t\t\t\t\t<div class=\"elementor-wrapper elementor-open-inline\">\n\t\t\t<iframe class=\"elementor-video-iframe\" allowfullscreen allow=\"clipboard-write\" title=\"Reproductor de v\u00eddeo vimeo\" src=\"https:\/\/player.vimeo.com\/video\/788475101?color&amp;autopause=0&amp;loop=0&amp;muted=0&amp;title=1&amp;portrait=1&amp;byline=1#t=\"><\/iframe>\t\t<\/div>\n\t\t\t\t\t\t<\/div>\n\t\t\t\t<\/div>\n\t\t\t\t<div class=\"elementor-element elementor-element-644b6a8 elementor-widget elementor-widget-video\" data-id=\"644b6a8\" data-element_type=\"widget\" data-e-type=\"widget\" data-settings=\"{&quot;video_type&quot;:&quot;vimeo&quot;}\" data-widget_type=\"video.default\">\n\t\t\t\t<div class=\"elementor-widget-container\">\n\t\t\t\t\t\t\t<div class=\"elementor-wrapper elementor-open-inline\">\n\t\t\t<iframe class=\"elementor-video-iframe\" allowfullscreen allow=\"clipboard-write\" title=\"Reproductor de v\u00eddeo vimeo\" src=\"https:\/\/player.vimeo.com\/video\/788475879?color&amp;autopause=0&amp;loop=0&amp;muted=0&amp;title=1&amp;portrait=1&amp;byline=1#t=\"><\/iframe>\t\t<\/div>\n\t\t\t\t\t\t<\/div>\n\t\t\t\t<\/div>\n\t\t\t\t\t<\/div>\n\t\t<\/div>\n\t\t\t\t\t<\/div>\n\t\t<\/section>\n\t\t\t\t<\/div>\n\t\t","protected":false},"excerpt":{"rendered":"<p>Conversatorio N\u00b0 1 Registro Calificado para programas de fisioterapia\u200b El pasado 18 de agosto, la docente y&nbsp;directora de la Direcci\u00f3n de Autoevaluaci\u00f3n y Calidad Acad\u00e9mica- DACA, de la Universidad del Valle&nbsp;Claudia Maria Pay\u00e1n Villamizar,&nbsp;acompa\u00f1\u00f3 el desarrollo del primer conversatorio en&nbsp;\u201cProcesos de Registro Calificado para programas de fisioterapia en el marco del Sistema Interno de Aseguramiento [&hellip;]<\/p>\n","protected":false},"author":1,"featured_media":0,"parent":257,"menu_order":0,"comment_status":"closed","ping_status":"closed","template":"","meta":{"om_disable_all_campaigns":false,"_monsterinsights_skip_tracking":false,"_monsterinsights_sitenote_active":false,"_monsterinsights_sitenote_note":"","_monsterinsights_sitenote_category":0,"footnotes":""},"class_list":["post-511","page","type-page","status-publish","hentry","wpbf-post"],"aioseo_notices":[],"_links":{"self":[{"href":"https:\/\/ascofafi.com\/index.php?rest_route=\/wp\/v2\/pages\/511","targetHints":{"allow":["GET"]}}],"collection":[{"href":"https:\/\/ascofafi.com\/index.php?rest_route=\/wp\/v2\/pages"}],"about":[{"href":"https:\/\/ascofafi.com\/index.php?rest_route=\/wp\/v2\/types\/page"}],"author":[{"embeddable":true,"href":"https:\/\/ascofafi.com\/index.php?rest_route=\/wp\/v2\/users\/1"}],"replies":[{"embeddable":true,"href":"https:\/\/ascofafi.com\/index.php?rest_route=%2Fwp%2Fv2%2Fcomments&post=511"}],"version-history":[{"count":30,"href":"https:\/\/ascofafi.com\/index.php?rest_route=\/wp\/v2\/pages\/511\/revisions"}],"predecessor-version":[{"id":664,"href":"https:\/\/ascofafi.com\/index.php?rest_route=\/wp\/v2\/pages\/511\/revisions\/664"}],"up":[{"embeddable":true,"href":"https:\/\/ascofafi.com\/index.php?rest_route=\/wp\/v2\/pages\/257"}],"wp:attachment":[{"href":"https:\/\/ascofafi.com\/index.php?rest_route=%2Fwp%2Fv2%2Fmedia&parent=511"}],"curies":[{"name":"wp","href":"https:\/\/api.w.org\/{rel}","templated":true}]}}