{"id":84,"date":"2022-08-24T10:34:01","date_gmt":"2022-08-24T10:34:01","guid":{"rendered":"https:\/\/ascofafi.com\/?page_id=84"},"modified":"2025-08-26T14:55:58","modified_gmt":"2025-08-26T14:55:58","slug":"equipo-de-trabajo","status":"publish","type":"page","link":"https:\/\/ascofafi.com\/?page_id=84","title":{"rendered":"Equipo de trabajo"},"content":{"rendered":"\t\t<div data-elementor-type=\"wp-page\" data-elementor-id=\"84\" class=\"elementor elementor-84\">\n\t\t\t\t\t\t<section class=\"elementor-section elementor-top-section elementor-element elementor-element-8a166ae elementor-section-boxed elementor-section-height-default elementor-section-height-default\" data-id=\"8a166ae\" data-element_type=\"section\" data-e-type=\"section\">\n\t\t\t\t\t\t<div class=\"elementor-container elementor-column-gap-default\">\n\t\t\t\t\t<div class=\"elementor-column elementor-col-100 elementor-top-column elementor-element elementor-element-a3193a3\" data-id=\"a3193a3\" data-element_type=\"column\" data-e-type=\"column\">\n\t\t\t<div class=\"elementor-widget-wrap elementor-element-populated\">\n\t\t\t\t\t\t<div class=\"elementor-element elementor-element-2ad645a elementor-widget elementor-widget-heading\" data-id=\"2ad645a\" data-element_type=\"widget\" data-e-type=\"widget\" data-widget_type=\"heading.default\">\n\t\t\t\t<div class=\"elementor-widget-container\">\n\t\t\t\t\t<h2 class=\"elementor-heading-title elementor-size-default\">Junta Directiva 2025-I<\/h2>\t\t\t\t<\/div>\n\t\t\t\t<\/div>\n\t\t\t\t\t<\/div>\n\t\t<\/div>\n\t\t\t\t\t<\/div>\n\t\t<\/section>\n\t\t\t\t<section class=\"elementor-section elementor-top-section elementor-element elementor-element-234147f elementor-section-boxed elementor-section-height-default elementor-section-height-default\" data-id=\"234147f\" data-element_type=\"section\" data-e-type=\"section\">\n\t\t\t\t\t\t<div class=\"elementor-container elementor-column-gap-default\">\n\t\t\t\t\t<div class=\"elementor-column elementor-col-50 elementor-top-column elementor-element elementor-element-c2e0a42\" data-id=\"c2e0a42\" data-element_type=\"column\" data-e-type=\"column\">\n\t\t\t<div class=\"elementor-widget-wrap elementor-element-populated\">\n\t\t\t\t\t\t<div class=\"elementor-element elementor-element-5867c6e elementor-widget elementor-widget-image\" data-id=\"5867c6e\" data-element_type=\"widget\" data-e-type=\"widget\" data-widget_type=\"image.default\">\n\t\t\t\t<div class=\"elementor-widget-container\">\n\t\t\t\t\t\t\t\t\t\t\t\t\t\t\t<img fetchpriority=\"high\" decoding=\"async\" width=\"768\" height=\"512\" src=\"https:\/\/ascofafi.com\/wp-content\/uploads\/2024\/09\/Leidy-Obando-768x512.jpeg\" class=\"attachment-medium_large size-medium_large wp-image-1088\" alt=\"\" srcset=\"https:\/\/ascofafi.com\/wp-content\/uploads\/2024\/09\/Leidy-Obando-768x512.jpeg 768w, https:\/\/ascofafi.com\/wp-content\/uploads\/2024\/09\/Leidy-Obando-300x200.jpeg 300w, https:\/\/ascofafi.com\/wp-content\/uploads\/2024\/09\/Leidy-Obando-1024x682.jpeg 1024w, https:\/\/ascofafi.com\/wp-content\/uploads\/2024\/09\/Leidy-Obando-1536x1023.jpeg 1536w, https:\/\/ascofafi.com\/wp-content\/uploads\/2024\/09\/Leidy-Obando.jpeg 1600w\" sizes=\"(max-width: 768px) 100vw, 768px\" \/>\t\t\t\t\t\t\t\t\t\t\t\t\t\t\t<\/div>\n\t\t\t\t<\/div>\n\t\t\t\t\t<\/div>\n\t\t<\/div>\n\t\t\t\t<div class=\"elementor-column elementor-col-50 elementor-top-column elementor-element elementor-element-339e923\" data-id=\"339e923\" data-element_type=\"column\" data-e-type=\"column\">\n\t\t\t<div class=\"elementor-widget-wrap elementor-element-populated\">\n\t\t\t\t\t\t<div class=\"elementor-element elementor-element-b346687 elementor-widget elementor-widget-text-editor\" data-id=\"b346687\" data-element_type=\"widget\" data-e-type=\"widget\" data-widget_type=\"text-editor.default\">\n\t\t\t\t<div class=\"elementor-widget-container\">\n\t\t\t\t\t\t\t\t\t<p>Presidencia: programa de fisioterapia de la Fundaci\u00f3n Universitaria del \u00c1rea Andina seccional Pereira. Esp. Ft. Leidy Maritza Obando Ante<\/p>\t\t\t\t\t\t\t\t<\/div>\n\t\t\t\t<\/div>\n\t\t\t\t\t<\/div>\n\t\t<\/div>\n\t\t\t\t\t<\/div>\n\t\t<\/section>\n\t\t\t\t<section class=\"elementor-section elementor-top-section elementor-element elementor-element-3d1588b elementor-section-boxed elementor-section-height-default elementor-section-height-default\" data-id=\"3d1588b\" data-element_type=\"section\" data-e-type=\"section\">\n\t\t\t\t\t\t<div class=\"elementor-container elementor-column-gap-default\">\n\t\t\t\t\t<div class=\"elementor-column elementor-col-50 elementor-top-column elementor-element elementor-element-a844e04\" data-id=\"a844e04\" data-element_type=\"column\" data-e-type=\"column\">\n\t\t\t<div class=\"elementor-widget-wrap elementor-element-populated\">\n\t\t\t\t\t\t<div class=\"elementor-element elementor-element-5f103d6 elementor-widget elementor-widget-image\" data-id=\"5f103d6\" data-element_type=\"widget\" data-e-type=\"widget\" data-widget_type=\"image.default\">\n\t\t\t\t<div class=\"elementor-widget-container\">\n\t\t\t\t\t\t\t\t\t\t\t\t\t\t\t<img decoding=\"async\" width=\"768\" height=\"482\" src=\"https:\/\/ascofafi.com\/wp-content\/uploads\/2025\/08\/Yanet-Parra-Vicepresidenta-1-768x482.jpeg\" class=\"attachment-medium_large size-medium_large wp-image-1376\" alt=\"\" srcset=\"https:\/\/ascofafi.com\/wp-content\/uploads\/2025\/08\/Yanet-Parra-Vicepresidenta-1-768x482.jpeg 768w, https:\/\/ascofafi.com\/wp-content\/uploads\/2025\/08\/Yanet-Parra-Vicepresidenta-1-300x188.jpeg 300w, https:\/\/ascofafi.com\/wp-content\/uploads\/2025\/08\/Yanet-Parra-Vicepresidenta-1-1024x642.jpeg 1024w, https:\/\/ascofafi.com\/wp-content\/uploads\/2025\/08\/Yanet-Parra-Vicepresidenta-1.jpeg 1201w\" sizes=\"(max-width: 768px) 100vw, 768px\" \/>\t\t\t\t\t\t\t\t\t\t\t\t\t\t\t<\/div>\n\t\t\t\t<\/div>\n\t\t\t\t\t<\/div>\n\t\t<\/div>\n\t\t\t\t<div class=\"elementor-column elementor-col-50 elementor-top-column elementor-element elementor-element-33b07c3\" data-id=\"33b07c3\" data-element_type=\"column\" data-e-type=\"column\">\n\t\t\t<div class=\"elementor-widget-wrap elementor-element-populated\">\n\t\t\t\t\t\t<div class=\"elementor-element elementor-element-fb28bda elementor-widget elementor-widget-text-editor\" data-id=\"fb28bda\" data-element_type=\"widget\" data-e-type=\"widget\" data-widget_type=\"text-editor.default\">\n\t\t\t\t<div class=\"elementor-widget-container\">\n\t\t\t\t\t\t\t\t\t<p><span style=\"font-family: arial, sans-serif;\">Vicepresidencia: programa de fisioterapia de la Corporaci\u00f3n Universitaria Antonio Jos\u00e9 de Sucre.\u00a0<\/span>Ft. Yanet Parra.<\/p>\t\t\t\t\t\t\t\t<\/div>\n\t\t\t\t<\/div>\n\t\t\t\t\t<\/div>\n\t\t<\/div>\n\t\t\t\t\t<\/div>\n\t\t<\/section>\n\t\t\t\t<section class=\"elementor-section elementor-top-section elementor-element elementor-element-aa445a3 elementor-section-boxed elementor-section-height-default elementor-section-height-default\" data-id=\"aa445a3\" data-element_type=\"section\" data-e-type=\"section\">\n\t\t\t\t\t\t<div class=\"elementor-container elementor-column-gap-default\">\n\t\t\t\t\t<div class=\"elementor-column elementor-col-50 elementor-top-column elementor-element elementor-element-ab8387f\" data-id=\"ab8387f\" data-element_type=\"column\" data-e-type=\"column\">\n\t\t\t<div class=\"elementor-widget-wrap elementor-element-populated\">\n\t\t\t\t\t\t<div class=\"elementor-element elementor-element-7855f58 elementor-widget elementor-widget-image\" data-id=\"7855f58\" data-element_type=\"widget\" data-e-type=\"widget\" data-widget_type=\"image.default\">\n\t\t\t\t<div class=\"elementor-widget-container\">\n\t\t\t\t\t\t\t\t\t\t\t\t\t\t\t<img decoding=\"async\" width=\"768\" height=\"512\" src=\"https:\/\/ascofafi.com\/wp-content\/uploads\/2024\/09\/Erika-Palacio-768x512.jpeg\" class=\"attachment-medium_large size-medium_large wp-image-1089\" alt=\"\" srcset=\"https:\/\/ascofafi.com\/wp-content\/uploads\/2024\/09\/Erika-Palacio-768x512.jpeg 768w, https:\/\/ascofafi.com\/wp-content\/uploads\/2024\/09\/Erika-Palacio-300x200.jpeg 300w, https:\/\/ascofafi.com\/wp-content\/uploads\/2024\/09\/Erika-Palacio-1024x682.jpeg 1024w, https:\/\/ascofafi.com\/wp-content\/uploads\/2024\/09\/Erika-Palacio-1536x1023.jpeg 1536w, https:\/\/ascofafi.com\/wp-content\/uploads\/2024\/09\/Erika-Palacio.jpeg 1600w\" sizes=\"(max-width: 768px) 100vw, 768px\" \/>\t\t\t\t\t\t\t\t\t\t\t\t\t\t\t<\/div>\n\t\t\t\t<\/div>\n\t\t\t\t\t<\/div>\n\t\t<\/div>\n\t\t\t\t<div class=\"elementor-column elementor-col-50 elementor-top-column elementor-element elementor-element-de77bdf\" data-id=\"de77bdf\" data-element_type=\"column\" data-e-type=\"column\">\n\t\t\t<div class=\"elementor-widget-wrap elementor-element-populated\">\n\t\t\t\t\t\t<div class=\"elementor-element elementor-element-8ebbc2e elementor-widget elementor-widget-text-editor\" data-id=\"8ebbc2e\" data-element_type=\"widget\" data-e-type=\"widget\" data-widget_type=\"text-editor.default\">\n\t\t\t\t<div class=\"elementor-widget-container\">\n\t\t\t\t\t\t\t\t\t<p>Secretar\u00eda: programa de fisioterapia de la Universidad Sim\u00f3n Bol\u00edvar. PhD. Mg. Ft.Erika Patricia Palacio Duran<\/p>\t\t\t\t\t\t\t\t<\/div>\n\t\t\t\t<\/div>\n\t\t\t\t\t<\/div>\n\t\t<\/div>\n\t\t\t\t\t<\/div>\n\t\t<\/section>\n\t\t\t\t<section class=\"elementor-section elementor-top-section elementor-element elementor-element-de20c81 elementor-section-boxed elementor-section-height-default elementor-section-height-default\" data-id=\"de20c81\" data-element_type=\"section\" data-e-type=\"section\">\n\t\t\t\t\t\t<div class=\"elementor-container elementor-column-gap-default\">\n\t\t\t\t\t<div class=\"elementor-column elementor-col-50 elementor-top-column elementor-element elementor-element-8e5b530\" data-id=\"8e5b530\" data-element_type=\"column\" data-e-type=\"column\">\n\t\t\t<div class=\"elementor-widget-wrap elementor-element-populated\">\n\t\t\t\t\t\t<div class=\"elementor-element elementor-element-4542ec4 elementor-widget elementor-widget-image\" data-id=\"4542ec4\" data-element_type=\"widget\" data-e-type=\"widget\" data-widget_type=\"image.default\">\n\t\t\t\t<div class=\"elementor-widget-container\">\n\t\t\t\t\t\t\t\t\t\t\t\t\t\t\t<img loading=\"lazy\" decoding=\"async\" width=\"768\" height=\"512\" src=\"https:\/\/ascofafi.com\/wp-content\/uploads\/2024\/09\/Ana-Caro-768x512.jpeg\" class=\"attachment-medium_large size-medium_large wp-image-1090\" alt=\"\" srcset=\"https:\/\/ascofafi.com\/wp-content\/uploads\/2024\/09\/Ana-Caro-768x512.jpeg 768w, https:\/\/ascofafi.com\/wp-content\/uploads\/2024\/09\/Ana-Caro-300x200.jpeg 300w, https:\/\/ascofafi.com\/wp-content\/uploads\/2024\/09\/Ana-Caro-1024x682.jpeg 1024w, https:\/\/ascofafi.com\/wp-content\/uploads\/2024\/09\/Ana-Caro-1536x1023.jpeg 1536w, https:\/\/ascofafi.com\/wp-content\/uploads\/2024\/09\/Ana-Caro.jpeg 1600w\" sizes=\"(max-width: 768px) 100vw, 768px\" \/>\t\t\t\t\t\t\t\t\t\t\t\t\t\t\t<\/div>\n\t\t\t\t<\/div>\n\t\t\t\t\t<\/div>\n\t\t<\/div>\n\t\t\t\t<div class=\"elementor-column elementor-col-50 elementor-top-column elementor-element elementor-element-03c0fda\" data-id=\"03c0fda\" data-element_type=\"column\" data-e-type=\"column\">\n\t\t\t<div class=\"elementor-widget-wrap elementor-element-populated\">\n\t\t\t\t\t\t<div class=\"elementor-element elementor-element-8581af8 elementor-widget elementor-widget-text-editor\" data-id=\"8581af8\" data-element_type=\"widget\" data-e-type=\"widget\" data-widget_type=\"text-editor.default\">\n\t\t\t\t<div class=\"elementor-widget-container\">\n\t\t\t\t\t\t\t\t\t<p>Tesorer\u00eda:\u00a0 programa de fisioterapia de la Universidad Metropolitana.\u00a0Mg. Ft.\u00a0Ana Isabel Caro Freile<\/p>\t\t\t\t\t\t\t\t<\/div>\n\t\t\t\t<\/div>\n\t\t\t\t\t<\/div>\n\t\t<\/div>\n\t\t\t\t\t<\/div>\n\t\t<\/section>\n\t\t\t\t<section class=\"elementor-section elementor-top-section elementor-element elementor-element-6cce04d elementor-section-boxed elementor-section-height-default elementor-section-height-default\" data-id=\"6cce04d\" data-element_type=\"section\" data-e-type=\"section\">\n\t\t\t\t\t\t<div class=\"elementor-container elementor-column-gap-default\">\n\t\t\t\t\t<div class=\"elementor-column elementor-col-50 elementor-top-column elementor-element elementor-element-15caf6d\" data-id=\"15caf6d\" data-element_type=\"column\" data-e-type=\"column\">\n\t\t\t<div class=\"elementor-widget-wrap elementor-element-populated\">\n\t\t\t\t\t\t<div class=\"elementor-element elementor-element-0164393 elementor-widget elementor-widget-image\" data-id=\"0164393\" data-element_type=\"widget\" data-e-type=\"widget\" data-widget_type=\"image.default\">\n\t\t\t\t<div class=\"elementor-widget-container\">\n\t\t\t\t\t\t\t\t\t\t\t\t\t\t\t<img loading=\"lazy\" decoding=\"async\" width=\"768\" height=\"512\" src=\"https:\/\/ascofafi.com\/wp-content\/uploads\/2024\/09\/Diana-Quiguanas-768x512.jpeg\" class=\"attachment-medium_large size-medium_large wp-image-1091\" alt=\"\" srcset=\"https:\/\/ascofafi.com\/wp-content\/uploads\/2024\/09\/Diana-Quiguanas-768x512.jpeg 768w, https:\/\/ascofafi.com\/wp-content\/uploads\/2024\/09\/Diana-Quiguanas-300x200.jpeg 300w, https:\/\/ascofafi.com\/wp-content\/uploads\/2024\/09\/Diana-Quiguanas-1024x682.jpeg 1024w, https:\/\/ascofafi.com\/wp-content\/uploads\/2024\/09\/Diana-Quiguanas-1536x1023.jpeg 1536w, https:\/\/ascofafi.com\/wp-content\/uploads\/2024\/09\/Diana-Quiguanas.jpeg 1600w\" sizes=\"(max-width: 768px) 100vw, 768px\" \/>\t\t\t\t\t\t\t\t\t\t\t\t\t\t\t<\/div>\n\t\t\t\t<\/div>\n\t\t\t\t\t<\/div>\n\t\t<\/div>\n\t\t\t\t<div class=\"elementor-column elementor-col-50 elementor-top-column elementor-element elementor-element-5616f76\" data-id=\"5616f76\" data-element_type=\"column\" data-e-type=\"column\">\n\t\t\t<div class=\"elementor-widget-wrap elementor-element-populated\">\n\t\t\t\t\t\t<div class=\"elementor-element elementor-element-4fd40c8 elementor-widget elementor-widget-text-editor\" data-id=\"4fd40c8\" data-element_type=\"widget\" data-e-type=\"widget\" data-widget_type=\"text-editor.default\">\n\t\t\t\t<div class=\"elementor-widget-container\">\n\t\t\t\t\t\t\t\t\t<p><span lang=\"es\">V<\/span>ocal:\u00a0 programa de fisioterapia de la Universidad Santiago de Cali sede Cali.\u00a0PhD. Mg. Ft.\u00a0Diana Maritza Quiguanas Lopez<\/p>\t\t\t\t\t\t\t\t<\/div>\n\t\t\t\t<\/div>\n\t\t\t\t\t<\/div>\n\t\t<\/div>\n\t\t\t\t\t<\/div>\n\t\t<\/section>\n\t\t\t\t<section class=\"elementor-section elementor-top-section elementor-element elementor-element-eeca9ca elementor-section-boxed elementor-section-height-default elementor-section-height-default\" data-id=\"eeca9ca\" data-element_type=\"section\" data-e-type=\"section\">\n\t\t\t\t\t\t<div class=\"elementor-container elementor-column-gap-default\">\n\t\t\t\t\t<div class=\"elementor-column elementor-col-50 elementor-top-column elementor-element elementor-element-96dc398\" data-id=\"96dc398\" data-element_type=\"column\" data-e-type=\"column\">\n\t\t\t<div class=\"elementor-widget-wrap elementor-element-populated\">\n\t\t\t\t\t\t<div class=\"elementor-element elementor-element-96d57ff elementor-widget elementor-widget-image\" data-id=\"96d57ff\" data-element_type=\"widget\" data-e-type=\"widget\" data-widget_type=\"image.default\">\n\t\t\t\t<div class=\"elementor-widget-container\">\n\t\t\t\t\t\t\t\t\t\t\t\t\t\t\t<img loading=\"lazy\" decoding=\"async\" width=\"389\" height=\"275\" src=\"https:\/\/ascofafi.com\/wp-content\/uploads\/2025\/08\/Aura-Cristina-Quino-Avila_.png\" class=\"attachment-medium_large size-medium_large wp-image-1378\" alt=\"\" srcset=\"https:\/\/ascofafi.com\/wp-content\/uploads\/2025\/08\/Aura-Cristina-Quino-Avila_.png 389w, https:\/\/ascofafi.com\/wp-content\/uploads\/2025\/08\/Aura-Cristina-Quino-Avila_-300x212.png 300w\" sizes=\"(max-width: 389px) 100vw, 389px\" \/>\t\t\t\t\t\t\t\t\t\t\t\t\t\t\t<\/div>\n\t\t\t\t<\/div>\n\t\t\t\t\t<\/div>\n\t\t<\/div>\n\t\t\t\t<div class=\"elementor-column elementor-col-50 elementor-top-column elementor-element elementor-element-1ac60ac\" data-id=\"1ac60ac\" data-element_type=\"column\" data-e-type=\"column\">\n\t\t\t<div class=\"elementor-widget-wrap elementor-element-populated\">\n\t\t\t\t\t\t<div class=\"elementor-element elementor-element-0851cd3 elementor-widget elementor-widget-text-editor\" data-id=\"0851cd3\" data-element_type=\"widget\" data-e-type=\"widget\" data-widget_type=\"text-editor.default\">\n\t\t\t\t<div class=\"elementor-widget-container\">\n\t\t\t\t\t\t\t\t\t<p>Fiscal: programa de fisioterapia de la Universidad de Boyac\u00e1. Ft. Cristina Quino.<\/p>\t\t\t\t\t\t\t\t<\/div>\n\t\t\t\t<\/div>\n\t\t\t\t\t<\/div>\n\t\t<\/div>\n\t\t\t\t\t<\/div>\n\t\t<\/section>\n\t\t\t\t<section class=\"elementor-section elementor-top-section elementor-element elementor-element-b19b4a7 elementor-section-boxed elementor-section-height-default elementor-section-height-default\" data-id=\"b19b4a7\" data-element_type=\"section\" data-e-type=\"section\">\n\t\t\t\t\t\t<div class=\"elementor-container elementor-column-gap-default\">\n\t\t\t\t\t<div class=\"elementor-column elementor-col-50 elementor-top-column elementor-element elementor-element-d0e4ee7\" data-id=\"d0e4ee7\" data-element_type=\"column\" data-e-type=\"column\">\n\t\t\t<div class=\"elementor-widget-wrap elementor-element-populated\">\n\t\t\t\t\t\t<div class=\"elementor-element elementor-element-35cc998 elementor-widget elementor-widget-image\" data-id=\"35cc998\" data-element_type=\"widget\" data-e-type=\"widget\" data-widget_type=\"image.default\">\n\t\t\t\t<div class=\"elementor-widget-container\">\n\t\t\t\t\t\t\t\t\t\t\t\t\t\t\t<img loading=\"lazy\" decoding=\"async\" width=\"768\" height=\"524\" src=\"https:\/\/ascofafi.com\/wp-content\/uploads\/2024\/09\/Jennyffer-Endo-Pascuas-768x524.jpeg\" class=\"attachment-medium_large size-medium_large wp-image-1093\" alt=\"\" srcset=\"https:\/\/ascofafi.com\/wp-content\/uploads\/2024\/09\/Jennyffer-Endo-Pascuas-768x524.jpeg 768w, https:\/\/ascofafi.com\/wp-content\/uploads\/2024\/09\/Jennyffer-Endo-Pascuas-300x205.jpeg 300w, https:\/\/ascofafi.com\/wp-content\/uploads\/2024\/09\/Jennyffer-Endo-Pascuas-1024x699.jpeg 1024w, https:\/\/ascofafi.com\/wp-content\/uploads\/2024\/09\/Jennyffer-Endo-Pascuas.jpeg 1198w\" sizes=\"(max-width: 768px) 100vw, 768px\" \/>\t\t\t\t\t\t\t\t\t\t\t\t\t\t\t<\/div>\n\t\t\t\t<\/div>\n\t\t\t\t\t<\/div>\n\t\t<\/div>\n\t\t\t\t<div class=\"elementor-column elementor-col-50 elementor-top-column elementor-element elementor-element-1a01745\" data-id=\"1a01745\" data-element_type=\"column\" data-e-type=\"column\">\n\t\t\t<div class=\"elementor-widget-wrap elementor-element-populated\">\n\t\t\t\t\t\t<div class=\"elementor-element elementor-element-0f8b658 elementor-widget elementor-widget-text-editor\" data-id=\"0f8b658\" data-element_type=\"widget\" data-e-type=\"widget\" data-widget_type=\"text-editor.default\">\n\t\t\t\t<div class=\"elementor-widget-container\">\n\t\t\t\t\t\t\t\t\t<p>Jennyffer Hasveidy Endo Pascuas Ft. MSc.<\/p><p>Bogot\u00e1 D.C.<\/p><p>Directora Ejecutiva ASCOFAFI<\/p>\t\t\t\t\t\t\t\t<\/div>\n\t\t\t\t<\/div>\n\t\t\t\t\t<\/div>\n\t\t<\/div>\n\t\t\t\t\t<\/div>\n\t\t<\/section>\n\t\t\t\t<section class=\"elementor-section elementor-top-section elementor-element elementor-element-0993115 elementor-section-boxed elementor-section-height-default elementor-section-height-default\" data-id=\"0993115\" data-element_type=\"section\" data-e-type=\"section\">\n\t\t\t\t\t\t<div class=\"elementor-container elementor-column-gap-default\">\n\t\t\t\t\t<div class=\"elementor-column elementor-col-100 elementor-top-column elementor-element elementor-element-3c80774\" data-id=\"3c80774\" data-element_type=\"column\" data-e-type=\"column\">\n\t\t\t<div class=\"elementor-widget-wrap elementor-element-populated\">\n\t\t\t\t\t\t<div class=\"elementor-element elementor-element-8197900 elementor-widget elementor-widget-heading\" data-id=\"8197900\" data-element_type=\"widget\" data-e-type=\"widget\" data-widget_type=\"heading.default\">\n\t\t\t\t<div class=\"elementor-widget-container\">\n\t\t\t\t\t<h2 class=\"elementor-heading-title elementor-size-default\">Equipo de Gesti\u00f3n contable y legal<\/h2>\t\t\t\t<\/div>\n\t\t\t\t<\/div>\n\t\t\t\t\t<\/div>\n\t\t<\/div>\n\t\t\t\t\t<\/div>\n\t\t<\/section>\n\t\t\t\t<section class=\"elementor-section elementor-top-section elementor-element elementor-element-3cb14d6 elementor-section-boxed elementor-section-height-default elementor-section-height-default\" data-id=\"3cb14d6\" data-element_type=\"section\" data-e-type=\"section\">\n\t\t\t\t\t\t<div class=\"elementor-container elementor-column-gap-default\">\n\t\t\t\t\t<div class=\"elementor-column elementor-col-50 elementor-top-column elementor-element elementor-element-85fd536\" data-id=\"85fd536\" data-element_type=\"column\" data-e-type=\"column\">\n\t\t\t<div class=\"elementor-widget-wrap elementor-element-populated\">\n\t\t\t\t\t\t<div class=\"elementor-element elementor-element-9722d0d elementor-widget elementor-widget-image\" data-id=\"9722d0d\" data-element_type=\"widget\" data-e-type=\"widget\" data-widget_type=\"image.default\">\n\t\t\t\t<div class=\"elementor-widget-container\">\n\t\t\t\t\t\t\t\t\t\t\t\t\t\t\t<img loading=\"lazy\" decoding=\"async\" width=\"150\" height=\"150\" src=\"https:\/\/ascofafi.com\/wp-content\/uploads\/2024\/08\/02-150x150.png\" class=\"attachment-thumbnail size-thumbnail wp-image-981\" alt=\"sin imagen\" srcset=\"https:\/\/ascofafi.com\/wp-content\/uploads\/2024\/08\/02-150x150.png 150w, https:\/\/ascofafi.com\/wp-content\/uploads\/2024\/08\/02-300x300.png 300w, https:\/\/ascofafi.com\/wp-content\/uploads\/2024\/08\/02.png 685w\" sizes=\"(max-width: 150px) 100vw, 150px\" \/>\t\t\t\t\t\t\t\t\t\t\t\t\t\t\t<\/div>\n\t\t\t\t<\/div>\n\t\t\t\t\t<\/div>\n\t\t<\/div>\n\t\t\t\t<div class=\"elementor-column elementor-col-50 elementor-top-column elementor-element elementor-element-23f4ff5\" data-id=\"23f4ff5\" data-element_type=\"column\" data-e-type=\"column\">\n\t\t\t<div class=\"elementor-widget-wrap elementor-element-populated\">\n\t\t\t\t\t\t<div class=\"elementor-element elementor-element-1b5cfa8 elementor-widget elementor-widget-text-editor\" data-id=\"1b5cfa8\" data-element_type=\"widget\" data-e-type=\"widget\" data-widget_type=\"text-editor.default\">\n\t\t\t\t<div class=\"elementor-widget-container\">\n\t\t\t\t\t\t\t\t\t<p>Ingrid Mayerly Ariza<\/p><p>Contadora P\u00fablica Bogot\u00e1 D.C.<\/p><p>Revisora Fiscal ASCOFAFI<\/p>\t\t\t\t\t\t\t\t<\/div>\n\t\t\t\t<\/div>\n\t\t\t\t\t<\/div>\n\t\t<\/div>\n\t\t\t\t\t<\/div>\n\t\t<\/section>\n\t\t\t\t<section class=\"elementor-section elementor-top-section elementor-element elementor-element-61ecea0 elementor-section-boxed elementor-section-height-default elementor-section-height-default\" data-id=\"61ecea0\" data-element_type=\"section\" data-e-type=\"section\">\n\t\t\t\t\t\t<div class=\"elementor-container elementor-column-gap-default\">\n\t\t\t\t\t<div class=\"elementor-column elementor-col-50 elementor-top-column elementor-element elementor-element-9c812dc\" data-id=\"9c812dc\" data-element_type=\"column\" data-e-type=\"column\">\n\t\t\t<div class=\"elementor-widget-wrap elementor-element-populated\">\n\t\t\t\t\t\t<div class=\"elementor-element elementor-element-fb6bd48 elementor-widget elementor-widget-image\" data-id=\"fb6bd48\" data-element_type=\"widget\" data-e-type=\"widget\" data-widget_type=\"image.default\">\n\t\t\t\t<div class=\"elementor-widget-container\">\n\t\t\t\t\t\t\t\t\t\t\t\t\t\t\t<img loading=\"lazy\" decoding=\"async\" width=\"150\" height=\"150\" src=\"https:\/\/ascofafi.com\/wp-content\/uploads\/2022\/10\/junta2-150x150.png\" class=\"attachment-thumbnail size-thumbnail wp-image-391\" alt=\"\" \/>\t\t\t\t\t\t\t\t\t\t\t\t\t\t\t<\/div>\n\t\t\t\t<\/div>\n\t\t\t\t\t<\/div>\n\t\t<\/div>\n\t\t\t\t<div class=\"elementor-column elementor-col-50 elementor-top-column elementor-element elementor-element-cc1abe5\" data-id=\"cc1abe5\" data-element_type=\"column\" data-e-type=\"column\">\n\t\t\t<div class=\"elementor-widget-wrap elementor-element-populated\">\n\t\t\t\t\t\t<div class=\"elementor-element elementor-element-b2688a1 elementor-widget elementor-widget-text-editor\" data-id=\"b2688a1\" data-element_type=\"widget\" data-e-type=\"widget\" data-widget_type=\"text-editor.default\">\n\t\t\t\t<div class=\"elementor-widget-container\">\n\t\t\t\t\t\t\t\t\t<p>Carlos V. Gil Alfonso.<\/p><p>Con 21 a\u00f1os de experiencia en el manejo de Entidades Sin \u00c1nimo de Lucro Asesor de ESAL y Empresas del sector Privado Bogot\u00e1 D.C.<\/p><p>Contador P\u00fablico ASCOFAFI<\/p>\t\t\t\t\t\t\t\t<\/div>\n\t\t\t\t<\/div>\n\t\t\t\t\t<\/div>\n\t\t<\/div>\n\t\t\t\t\t<\/div>\n\t\t<\/section>\n\t\t\t\t<\/div>\n\t\t","protected":false},"excerpt":{"rendered":"<p>Junta Directiva 2025-I Presidencia: programa de fisioterapia de la Fundaci\u00f3n Universitaria del \u00c1rea Andina seccional Pereira. Esp. Ft. Leidy Maritza Obando Ante Vicepresidencia: programa de fisioterapia de la Corporaci\u00f3n Universitaria Antonio Jos\u00e9 de Sucre.\u00a0Ft. Yanet Parra. Secretar\u00eda: programa de fisioterapia de la Universidad Sim\u00f3n Bol\u00edvar. PhD. Mg. Ft.Erika Patricia Palacio Duran Tesorer\u00eda:\u00a0 programa de fisioterapia [&hellip;]<\/p>\n","protected":false},"author":1,"featured_media":0,"parent":14,"menu_order":0,"comment_status":"closed","ping_status":"closed","template":"","meta":{"om_disable_all_campaigns":false,"_monsterinsights_skip_tracking":false,"_monsterinsights_sitenote_active":false,"_monsterinsights_sitenote_note":"","_monsterinsights_sitenote_category":0,"footnotes":""},"class_list":["post-84","page","type-page","status-publish","hentry","wpbf-post"],"aioseo_notices":[],"_links":{"self":[{"href":"https:\/\/ascofafi.com\/index.php?rest_route=\/wp\/v2\/pages\/84","targetHints":{"allow":["GET"]}}],"collection":[{"href":"https:\/\/ascofafi.com\/index.php?rest_route=\/wp\/v2\/pages"}],"about":[{"href":"https:\/\/ascofafi.com\/index.php?rest_route=\/wp\/v2\/types\/page"}],"author":[{"embeddable":true,"href":"https:\/\/ascofafi.com\/index.php?rest_route=\/wp\/v2\/users\/1"}],"replies":[{"embeddable":true,"href":"https:\/\/ascofafi.com\/index.php?rest_route=%2Fwp%2Fv2%2Fcomments&post=84"}],"version-history":[{"count":81,"href":"https:\/\/ascofafi.com\/index.php?rest_route=\/wp\/v2\/pages\/84\/revisions"}],"predecessor-version":[{"id":1381,"href":"https:\/\/ascofafi.com\/index.php?rest_route=\/wp\/v2\/pages\/84\/revisions\/1381"}],"up":[{"embeddable":true,"href":"https:\/\/ascofafi.com\/index.php?rest_route=\/wp\/v2\/pages\/14"}],"wp:attachment":[{"href":"https:\/\/ascofafi.com\/index.php?rest_route=%2Fwp%2Fv2%2Fmedia&parent=84"}],"curies":[{"name":"wp","href":"https:\/\/api.w.org\/{rel}","templated":true}]}}